{"id":21269,"date":"2023-05-11T17:53:08","date_gmt":"2023-05-11T17:53:08","guid":{"rendered":"http:\/\/mgana.eye.casacurata.online\/?page_id=21269"},"modified":"2023-07-14T09:35:56","modified_gmt":"2023-07-14T09:35:56","slug":"politica-de-returnare-compensare","status":"publish","type":"page","link":"https:\/\/eye.casacurata.online\/en\/politica-de-returnare-compensare\/","title":{"rendered":"Politica de returnare\/compensare"},"content":{"rendered":"<div data-elementor-type=\"wp-page\" data-elementor-id=\"21269\" class=\"elementor elementor-21269\">\n\t\t\t\t\t\t\t\t\t<div class=\"elementor-section elementor-top-section elementor-element elementor-element-2194679 elementor-section-boxed elementor-section-height-default elementor-section-height-default\" data-id=\"2194679\" data-element_type=\"section\">\n\t\t\t\t\t\t<div class=\"elementor-container elementor-column-gap-default\">\n\t\t\t\t\t<div class=\"elementor-column elementor-col-100 elementor-top-column elementor-element elementor-element-55fa626\" data-id=\"55fa626\" data-element_type=\"column\">\n\t\t\t<div class=\"elementor-widget-wrap elementor-element-populated\">\n\t\t\t\t\t\t\t\t<div class=\"elementor-element elementor-element-566c8f3 elementor-widget elementor-widget-spacer\" data-id=\"566c8f3\" data-element_type=\"widget\" data-widget_type=\"spacer.default\">\n\t\t\t\t<div class=\"elementor-widget-container\">\n\t\t\t<style>\/*! elementor - v3.16.0 - 13-09-2023 *\/\n.elementor-column .elementor-spacer-inner{height:var(--spacer-size)}.e-con{--container-widget-width:100%}.e-con-inner>.elementor-widget-spacer,.e-con>.elementor-widget-spacer{width:var(--container-widget-width,var(--spacer-size));--align-self:var(--container-widget-align-self,initial);--flex-shrink:0}.e-con-inner>.elementor-widget-spacer>.elementor-widget-container,.e-con>.elementor-widget-spacer>.elementor-widget-container{height:100%;width:100%}.e-con-inner>.elementor-widget-spacer>.elementor-widget-container>.elementor-spacer,.e-con>.elementor-widget-spacer>.elementor-widget-container>.elementor-spacer{height:100%}.e-con-inner>.elementor-widget-spacer>.elementor-widget-container>.elementor-spacer>.elementor-spacer-inner,.e-con>.elementor-widget-spacer>.elementor-widget-container>.elementor-spacer>.elementor-spacer-inner{height:var(--container-widget-height,var(--spacer-size))}.e-con-inner>.elementor-widget-spacer.elementor-widget-empty,.e-con>.elementor-widget-spacer.elementor-widget-empty{position:relative;min-height:22px;min-width:22px}.e-con-inner>.elementor-widget-spacer.elementor-widget-empty .elementor-widget-empty-icon,.e-con>.elementor-widget-spacer.elementor-widget-empty .elementor-widget-empty-icon{position:absolute;top:0;bottom:0;left:0;right:0;margin:auto;padding:0;width:22px;height:22px}<\/style>\t\t<div class=\"elementor-spacer\">\n\t\t\t<div class=\"elementor-spacer-inner\"><\/div>\n\t\t<\/div>\n\t\t\t\t<\/div>\n\t\t\t\t<\/div>\n\t\t\t\t<div class=\"elementor-element elementor-element-6e77585 elementor-widget elementor-widget-heading\" data-id=\"6e77585\" data-element_type=\"widget\" data-widget_type=\"heading.default\">\n\t\t\t\t<div class=\"elementor-widget-container\">\n\t\t\t<style>\/*! elementor - v3.16.0 - 13-09-2023 *\/\n.elementor-heading-title{padding:0;margin:0;line-height:1}.elementor-widget-heading .elementor-heading-title[class*=elementor-size-]>a{color:inherit;font-size:inherit;line-height:inherit}.elementor-widget-heading .elementor-heading-title.elementor-size-small{font-size:15px}.elementor-widget-heading .elementor-heading-title.elementor-size-medium{font-size:19px}.elementor-widget-heading .elementor-heading-title.elementor-size-large{font-size:29px}.elementor-widget-heading .elementor-heading-title.elementor-size-xl{font-size:39px}.elementor-widget-heading .elementor-heading-title.elementor-size-xxl{font-size:59px}<\/style><h2 class=\"elementor-heading-title elementor-size-default\">Politica de returnare\/compensare<\/h2>\t\t<\/div>\n\t\t\t\t<\/div>\n\t\t\t\t<div class=\"elementor-element elementor-element-c7c75e4 elementor-widget elementor-widget-spacer\" data-id=\"c7c75e4\" data-element_type=\"widget\" data-widget_type=\"spacer.default\">\n\t\t\t\t<div class=\"elementor-widget-container\">\n\t\t\t\t\t<div class=\"elementor-spacer\">\n\t\t\t<div class=\"elementor-spacer-inner\"><\/div>\n\t\t<\/div>\n\t\t\t\t<\/div>\n\t\t\t\t<\/div>\n\t\t\t\t<div class=\"elementor-element elementor-element-00a1543 elementor-widget elementor-widget-text-editor\" data-id=\"00a1543\" data-element_type=\"widget\" data-widget_type=\"text-editor.default\">\n\t\t\t\t<div class=\"elementor-widget-container\">\n\t\t\t<style>\/*! elementor - v3.16.0 - 13-09-2023 *\/\n.elementor-widget-text-editor.elementor-drop-cap-view-stacked .elementor-drop-cap{background-color:#69727d;color:#fff}.elementor-widget-text-editor.elementor-drop-cap-view-framed .elementor-drop-cap{color:#69727d;border:3px solid;background-color:transparent}.elementor-widget-text-editor:not(.elementor-drop-cap-view-default) .elementor-drop-cap{margin-top:8px}.elementor-widget-text-editor:not(.elementor-drop-cap-view-default) .elementor-drop-cap-letter{width:1em;height:1em}.elementor-widget-text-editor .elementor-drop-cap{float:left;text-align:center;line-height:1;font-size:50px}.elementor-widget-text-editor .elementor-drop-cap-letter{display:inline-block}<\/style>\t\t\t\t<p>Dac\u0103 a\u021bi plasat o comand\u0103 gre\u0219it\u0103 (ex. a\u021bi gre\u0219it produsul, parametrii sau datele de livrare) \u0219i a\u021bi achitat deja, pute\u021bi s\u0103 o corecta\u021bi. Trebuie doar s\u0103 ne contacta\u021bi la info.eyeseduction@gmail.com \u00a0\u0219i s\u0103 \u00a0men\u021biona\u021bi num\u0103rul comenzii \u0219i datele ce trebuie modificate.<\/p><p>Dac\u0103 comanda nu a fost \u00eenc\u0103 expediat\u0103, putem modifica cu u\u0219urin\u021b\u0103 datele comenzii \u0219i apoi s\u0103 o expediem c\u0103tre dumneavoastr\u0103. Dac\u0103 \u00eens\u0103 comanda a fost deja expediat\u0103, pute\u021bi s\u0103 refuza\u021bi la primire coletul. Acesta va fi expediat \u00eenapoi, \u00eens\u0103 toate cheltuielile de transport vor fi \u00a0suportate de client.<\/p><p>Consum\u0103torul are dreptul s\u0103 notifice \u00een scris pe email info.eyeseduction@gmail.com c\u0103 renun\u021b\u0103 sau dore\u0219te s\u0103 schimbe produsul , cu invocarea motivului, \u00een termen de 14 zile calendaristice de la primirea produsului.<\/p><p>Cererea de schimb\/returnare nu<span class=\"Apple-converted-space\">\u00a0\u00a0<\/span>va fi acceptat\u0103 atunci c\u00eend: cutiile de lentile de contact \u0219i\/sau solu\u021biile de \u00eentre\u021binere au fost desigilate. Lentilele de contact sunt rapid degradabile dup\u0103 desigilare, nu sunt transmisibile \u0219i nu se v\u00e2nd la bucat\u0103 (blister). Astfel:<\/p><p>\u2013 produsul se va primi \u00eenapoi doar \u00een ambalajul original, sigilat, nedeteriorat<\/p><p>\u2013 cump\u0103r\u0103torul va expedia produsele de retur prin oficiul po\u0219tal la adresa indicat\u0103 pe pachet<\/p><p>\u2013 contravaloarea produselor va fi returnat\u0103 prin transfer bancar, dup\u0103 primirea produselor de retur, \u00een termen de maxim 8 zile lucr\u0103toare.<\/p><p>\u2013 nu se vor returna taxele de transport, cump\u0103r\u0103torul va suporta toate costurile care apar din cauza renun\u021b\u0103rii.<\/p><p>-renun\u021barea la cump\u0103rare \u00een mod repetat va putea fi considerat\u0103 un abuz<\/p>\t\t\t\t\t\t<\/div>\n\t\t\t\t<\/div>\n\t\t\t\t\t<\/div>\n\t\t<\/div>\n\t\t\t\t\t\t\t<\/div>\n\t\t<\/div>\n\t\t\t\t<div class=\"elementor-section elementor-top-section elementor-element elementor-element-8b0f517 elementor-section-boxed elementor-section-height-default elementor-section-height-default\" data-id=\"8b0f517\" data-element_type=\"section\">\n\t\t\t\t\t\t<div class=\"elementor-container elementor-column-gap-default\">\n\t\t\t\t\t<div class=\"elementor-column elementor-col-100 elementor-top-column elementor-element elementor-element-c6262da\" data-id=\"c6262da\" data-element_type=\"column\">\n\t\t\t<div class=\"elementor-widget-wrap elementor-element-populated\">\n\t\t\t\t\t\t\t\t<div class=\"elementor-element elementor-element-4029061 elementor-widget elementor-widget-spacer\" data-id=\"4029061\" data-element_type=\"widget\" data-widget_type=\"spacer.default\">\n\t\t\t\t<div class=\"elementor-widget-container\">\n\t\t\t\t\t<div class=\"elementor-spacer\">\n\t\t\t<div class=\"elementor-spacer-inner\"><\/div>\n\t\t<\/div>\n\t\t\t\t<\/div>\n\t\t\t\t<\/div>\n\t\t\t\t\t<\/div>\n\t\t<\/div>\n\t\t\t\t\t\t\t<\/div>\n\t\t<\/div>\n\t\t\t\t<div class=\"elementor-section elementor-top-section elementor-element elementor-element-a230dde elementor-section-boxed elementor-section-height-default elementor-section-height-default\" data-id=\"a230dde\" data-element_type=\"section\">\n\t\t\t\t\t\t<div class=\"elementor-container elementor-column-gap-default\">\n\t\t\t\t\t<div class=\"elementor-column elementor-col-100 elementor-top-column elementor-element elementor-element-afb18d9\" data-id=\"afb18d9\" data-element_type=\"column\">\n\t\t\t<div class=\"elementor-widget-wrap elementor-element-populated\">\n\t\t\t\t\t\t\t\t<div class=\"elementor-element elementor-element-4523ec2 elementor-widget elementor-widget-text-editor\" data-id=\"4523ec2\" data-element_type=\"widget\" data-widget_type=\"text-editor.default\">\n\t\t\t\t<div class=\"elementor-widget-container\">\n\t\t\t\t\t\t\t<h3>Garan\u021bia<\/h3><p>Garan\u021bia se refer\u0103 numai la deficien\u021be ale produselor determinate de defecte de fabrica\u021bie sau vicii ascunse. \u00cenainte de a desigila produsul, examina\u021bi-l la lumin\u0103 s\u0103 fie \u00eentreg \u0219i s\u0103 aib\u0103 accea\u0219i culoare.<span class=\"Apple-converted-space\">\u00a0\u00a0<\/span>Dac\u0103 observa\u021bi deficien\u021be de fabrica\u021bie, imediat contacta\u021bi-ne pe email info.eyeseduction@gmail.com sau la telefon\/ viber\/ whatsapp \/telegram +37369657699 pentru solu\u021bionarea c\u00e2t mai rapid\u0103 a problemei. Toate deficien\u021bile trebuie s\u0103 fie fotografiate vizibil \u0219i transmise pentru examinare.<\/p><p>Formularul de reclama\u021bie va fi completat integral, trimis la necesitate \u00een format electronic de c\u0103tre departamentul nostru. Reclama\u021bia va fi transmis\u0103 la produc\u0103tor pentru a fi verificat\u0103, astfel \u00een func\u021bie de r\u0103spunsul primit produsele reclamate vor fi \u00eenlocuite.<\/p><p>Termenul de solu\u021bionare al reclama\u021biei este de maxim 15 de zile lucr\u0103toare.<\/p><p>\u00a0<\/p>\t\t\t\t\t\t<\/div>\n\t\t\t\t<\/div>\n\t\t\t\t\t<\/div>\n\t\t<\/div>\n\t\t\t\t\t\t\t<\/div>\n\t\t<\/div>\n\t\t\t\t\t\t\t<\/div>","protected":false},"excerpt":{"rendered":"<p>Politica de returnare\/compensare Dac\u0103 a\u021bi plasat o comand\u0103 gre\u0219it\u0103 (ex. a\u021bi gre\u0219it produsul, parametrii sau datele de livrare) \u0219i a\u021bi achitat deja, pute\u021bi s\u0103 o corecta\u021bi. Trebuie doar s\u0103 ne contacta\u021bi la info.eyeseduction@gmail.com \u00a0\u0219i s\u0103 \u00a0men\u021biona\u021bi num\u0103rul [&hellip;]<\/p>","protected":false},"author":2,"featured_media":0,"parent":0,"menu_order":0,"comment_status":"closed","ping_status":"closed","template":"","meta":{"footnotes":""},"class_list":["post-21269","page","type-page","status-publish","hentry"],"_links":{"self":[{"href":"https:\/\/eye.casacurata.online\/en\/wp-json\/wp\/v2\/pages\/21269","targetHints":{"allow":["GET"]}}],"collection":[{"href":"https:\/\/eye.casacurata.online\/en\/wp-json\/wp\/v2\/pages"}],"about":[{"href":"https:\/\/eye.casacurata.online\/en\/wp-json\/wp\/v2\/types\/page"}],"author":[{"embeddable":true,"href":"https:\/\/eye.casacurata.online\/en\/wp-json\/wp\/v2\/users\/2"}],"replies":[{"embeddable":true,"href":"https:\/\/eye.casacurata.online\/en\/wp-json\/wp\/v2\/comments?post=21269"}],"version-history":[{"count":10,"href":"https:\/\/eye.casacurata.online\/en\/wp-json\/wp\/v2\/pages\/21269\/revisions"}],"predecessor-version":[{"id":22241,"href":"https:\/\/eye.casacurata.online\/en\/wp-json\/wp\/v2\/pages\/21269\/revisions\/22241"}],"wp:attachment":[{"href":"https:\/\/eye.casacurata.online\/en\/wp-json\/wp\/v2\/media?parent=21269"}],"curies":[{"name":"wp","href":"https:\/\/api.w.org\/{rel}","templated":true}]}}