{"id":21276,"date":"2023-05-11T17:55:35","date_gmt":"2023-05-11T17:55:35","guid":{"rendered":"http:\/\/mgana.eye.casacurata.online\/?page_id=21276"},"modified":"2023-11-08T22:42:29","modified_gmt":"2023-11-08T22:42:29","slug":"politica-de-confidentialitate-2","status":"publish","type":"page","link":"https:\/\/eye.casacurata.online\/en\/politica-de-confidentialitate-2\/","title":{"rendered":"PRIVACY POLICY"},"content":{"rendered":"<div data-elementor-type=\"wp-page\" data-elementor-id=\"21276\" class=\"elementor elementor-21276\">\n\t\t\t\t\t\t\t\t\t<div class=\"elementor-section elementor-top-section elementor-element elementor-element-b7350ae elementor-section-boxed elementor-section-height-default elementor-section-height-default\" data-id=\"b7350ae\" data-element_type=\"section\">\n\t\t\t\t\t\t<div class=\"elementor-container elementor-column-gap-default\">\n\t\t\t\t\t<div class=\"elementor-column elementor-col-100 elementor-top-column elementor-element elementor-element-d83f838\" data-id=\"d83f838\" data-element_type=\"column\">\n\t\t\t<div class=\"elementor-widget-wrap elementor-element-populated\">\n\t\t\t\t\t\t\t\t<div class=\"elementor-element elementor-element-5381592 elementor-widget elementor-widget-spacer\" data-id=\"5381592\" data-element_type=\"widget\" data-widget_type=\"spacer.default\">\n\t\t\t\t<div class=\"elementor-widget-container\">\n\t\t\t<style>\/*! elementor - v3.16.0 - 13-09-2023 *\/\n.elementor-column .elementor-spacer-inner{height:var(--spacer-size)}.e-con{--container-widget-width:100%}.e-con-inner>.elementor-widget-spacer,.e-con>.elementor-widget-spacer{width:var(--container-widget-width,var(--spacer-size));--align-self:var(--container-widget-align-self,initial);--flex-shrink:0}.e-con-inner>.elementor-widget-spacer>.elementor-widget-container,.e-con>.elementor-widget-spacer>.elementor-widget-container{height:100%;width:100%}.e-con-inner>.elementor-widget-spacer>.elementor-widget-container>.elementor-spacer,.e-con>.elementor-widget-spacer>.elementor-widget-container>.elementor-spacer{height:100%}.e-con-inner>.elementor-widget-spacer>.elementor-widget-container>.elementor-spacer>.elementor-spacer-inner,.e-con>.elementor-widget-spacer>.elementor-widget-container>.elementor-spacer>.elementor-spacer-inner{height:var(--container-widget-height,var(--spacer-size))}.e-con-inner>.elementor-widget-spacer.elementor-widget-empty,.e-con>.elementor-widget-spacer.elementor-widget-empty{position:relative;min-height:22px;min-width:22px}.e-con-inner>.elementor-widget-spacer.elementor-widget-empty .elementor-widget-empty-icon,.e-con>.elementor-widget-spacer.elementor-widget-empty .elementor-widget-empty-icon{position:absolute;top:0;bottom:0;left:0;right:0;margin:auto;padding:0;width:22px;height:22px}<\/style>\t\t<div class=\"elementor-spacer\">\n\t\t\t<div class=\"elementor-spacer-inner\"><\/div>\n\t\t<\/div>\n\t\t\t\t<\/div>\n\t\t\t\t<\/div>\n\t\t\t\t<div class=\"elementor-element elementor-element-e73772f elementor-widget elementor-widget-spacer\" data-id=\"e73772f\" data-element_type=\"widget\" data-widget_type=\"spacer.default\">\n\t\t\t\t<div class=\"elementor-widget-container\">\n\t\t\t\t\t<div class=\"elementor-spacer\">\n\t\t\t<div class=\"elementor-spacer-inner\"><\/div>\n\t\t<\/div>\n\t\t\t\t<\/div>\n\t\t\t\t<\/div>\n\t\t\t\t<div class=\"elementor-element elementor-element-de8e014 elementor-widget-tablet__width-initial elementor-widget elementor-widget-text-editor\" data-id=\"de8e014\" data-element_type=\"widget\" data-widget_type=\"text-editor.default\">\n\t\t\t\t<div class=\"elementor-widget-container\">\n\t\t\t<style>\/*! elementor - v3.16.0 - 13-09-2023 *\/\n.elementor-widget-text-editor.elementor-drop-cap-view-stacked .elementor-drop-cap{background-color:#69727d;color:#fff}.elementor-widget-text-editor.elementor-drop-cap-view-framed .elementor-drop-cap{color:#69727d;border:3px solid;background-color:transparent}.elementor-widget-text-editor:not(.elementor-drop-cap-view-default) .elementor-drop-cap{margin-top:8px}.elementor-widget-text-editor:not(.elementor-drop-cap-view-default) .elementor-drop-cap-letter{width:1em;height:1em}.elementor-widget-text-editor .elementor-drop-cap{float:left;text-align:center;line-height:1;font-size:50px}.elementor-widget-text-editor .elementor-drop-cap-letter{display:inline-block}<\/style>\t\t\t\t<h2>\u00a0<\/h2><h2>TERMENI \u0218I CONDI\u021aII<\/h2><p>Pentru folosirea \u00een bune condi\u021bii a site-ului, v\u0103 recomand\u0103m familiarizarea cu<br \/>aten\u021bie a Termenilor \u0219i Condi\u021biilor prezentate. Ne rezerv\u0103m dreptul de a face<br \/>modific\u0103ri ale acestor prevederi, f\u0103r\u0103 o notificare prealabil\u0103.<\/p><p><strong>1. DISPOZI\u021aII GENERALE<\/strong><br \/>Acest site este de\u021binut de Eye Seduction SRL. La \u00eenregistrarea comenzii in<br \/>magazinul online, Cump\u0103r\u0103torul\u00a0 accepta Termeni si Condi\u021biile de v\u00e2nzare a<br \/>produselor care sunt baza\u021bi pe legisla\u021bia RM (in continuare \u2013 Termeni \u0219i Condi\u021bii)<br \/>prezentate mai jos.<br \/>Utilizarea website-ului presupune acceptarea Termeni si Condi\u021bii propuse de<br \/>c\u0103tre Eye Seduction SRL, \u00een conformitate cu Legea nr.284\/2004 privind Comer\u021bul<br \/>Electronic. Rela\u021biile dintre client si v\u00e2nz\u0103tor sunt stabilite \u00een baza Legii<br \/>nr.105\/2003 cu privire la Protec\u021bia drepturilor consumatorului, si a altor acte<br \/>normative adoptate \u00een conformitate cu aceasta.<br \/>V\u00e2nz\u0103torul \u00ee\u0219i rezerva dreptul de a modifica Termenii si Condi\u021biile date, iar<br \/>Cump\u0103r\u0103torul este obligat sa monitorizeze modific\u0103rile.<\/p><p><strong>2. PROTEC\u021aIA DATELOR CU CARACTER PERSONAL<\/strong><\/p><p>Prin utilizarea site-ului www.eye.casacurata.online, sunte\u021bi de acord \u00een mod automat<br \/>cu colectarea \u0219i prelucrarea datelor cu caracter personal, care sunt necesare<br \/>pentru procesarea\/confirmarea\/executarea comenzilor.<br \/>Datele personale se prelucreaz\u0103 doar pentru scopuri legitime, precum acela de a<br \/>furniza produsele pe care le comanzi, promo\u021bii, google analytics, cookies \u0219i<br \/>notific\u0103ri\\newsletter.<br \/>Toat\u0103 informa\u021bia ce con\u021bine date cu caracter personal este stocat\u0103 \u0219i utilizat\u0103<br \/>doar pentru perioada necesar\u0103 atingerii scopurilor pentru care a fost colectat\u0103 \u0219i<br \/>\u00een conformitate cu prevederile stabilite de Legea nr. 133\/2011 privind protec\u021bia<br \/>datelor cu caracter personal.<br \/>Noi folosim m\u0103suri de securitate comerciale pentru a preveni accesul<br \/>neautorizat, men\u021binerea exactit\u0103\u021bii date-lor \u0219i pentru asigurarea utiliz\u0103rii corecte a<br \/>informa\u021biei de pe site. Transmiterea datelor pe internet sau prin re\u021bea wireless nu<br \/>poate fi protejata \u00een totalitate. Prin urmare, la fel ca alte companii, noi nu putem<br \/>garanta securitatea informa\u021biei pe care o ofer\u0103 Cump\u0103r\u0103torului, astfel, el va face<br \/>acest lucru pe propria r\u0103spundere.<\/p><p><strong>3. \u00ceNREGISTRAREA \u0218I ACHITAREA COMENZII<\/strong><\/p><p>Achitarea comenzilor este posibil\u0103 inclusiv cu cardul de plat\u0103. Plata online se\u00a0face \u00een condi\u021bii de siguran\u021ba \u00a0maxima folosind ca instrument de plat\u0103 cardul de\u00a0plat\u0103, care permite efectuarea de tranzac\u021bii online.\u00a0Dup\u0103 efectuarea pl\u0103\u021bii ve\u021bi<br \/>primi o confirmare de plata pe adresa dvs. de email.<br \/>Procesatorul de plata folose\u0219te un sistem securizat, bazat pe ultima versiunea a<br \/>standardului de securitate 3D-Secure ceea ce \u00eenseamn\u0103 o nou\u0103 abordare<br \/>global\u0103 a autentific\u0103rii cump\u0103r\u0103torilor \u00een tranzac\u021bii sigure online. Aceasta m\u0103sura<br \/>de siguran\u021ba presupune redirec\u021bionarea utilizatorului \u00een momentul efectu\u0103rii pla\u021bii<br \/>pe o pagina securizata MAIB unde autentificarea fiec\u0103rui de\u021bin\u0103tor de card se<br \/>face prin atribuirea unui cod de unic\u0103 folosin\u021be pentru fiecare tranzac\u021bie online.<\/p><p>Rambursarea mijloacelor b\u0103ne\u0219ti se efectueaz\u0103 doar pe cardul de plat\u0103 care a<br \/>fost folosit pentru achizi\u021bie.<br \/>Pentru a efectua o plat\u0103, va trebui s\u0103 introduce\u021bi detaliile cardului dvs. bancar.<br \/>Transferul acestor informa\u021bii se face \u00een conformitate cu toate m\u0103surile de<br \/>securitate necesare. Informa\u021biile sunt transmise \u00een form\u0103 criptat\u0103 \u0219i sunt stocate<br \/>numai pe un server specializat al sistemului de pl\u0103\u021bi.<br \/>Pentru efectuarea pl\u0103\u021bii vor fi solicitate urm\u0103toarele date:<br \/>\u25e6 Num\u0103rul cardului (16 cifre)<br \/>\u25e6 Data expir\u0103rii (luna \u0219i anul)<br \/>\u25e6 Codul CVC sau CVV (3 cifre)<br \/>\u25e6 Numele \u0219i prenumele de pe cardul de plat<\/p><p><strong>4. DREPTUL LA RETUR\u00a0<\/strong><\/p><p>Conform no\u021biunii din Legea nr. 105-XV din 13 martie 2013 privind protec\u021bia<br \/>consumatorilor Cump\u0103r\u0103torul are dreptul de a returna produs\/marfa<br \/>procurat\u0103 din anumite motive \u00een timp de 14 zile de la ziua achit\u0103rii.<br \/>Mijloacele b\u0103ne\u0219ti sunt returnate pe cardul de pe care s-a efectuat<br \/>cump\u0103r\u0103tura.<\/p><p>Articolele din categoria lentile de contact si produse pentru intretinere<br \/>(picaturi, solutii etc.) care au fost desigilate nu pot fi schimbate sau<br \/>returnate, \u00een conformitate cu\u00a0 Anexa nr.2 a Hot\u0103r\u00e2rii Guvernului \u21161465<br \/>din\u00a008.12.2003 (MO248-253\/19.12.2003), \u00een redac\u021bia\u00a0Hot\u0103r\u00e2rii Guvernului<br \/>\u21161188 din 02.11.2007 (\u041c\u041e175\/09.11.2007).<\/p><p>\u00a0<\/p>\t\t\t\t\t\t<\/div>\n\t\t\t\t<\/div>\n\t\t\t\t<div class=\"elementor-element elementor-element-b7b26b2 elementor-widget elementor-widget-spacer\" data-id=\"b7b26b2\" data-element_type=\"widget\" data-widget_type=\"spacer.default\">\n\t\t\t\t<div class=\"elementor-widget-container\">\n\t\t\t\t\t<div class=\"elementor-spacer\">\n\t\t\t<div class=\"elementor-spacer-inner\"><\/div>\n\t\t<\/div>\n\t\t\t\t<\/div>\n\t\t\t\t<\/div>\n\t\t\t\t\t<\/div>\n\t\t<\/div>\n\t\t\t\t\t\t\t<\/div>\n\t\t<\/div>\n\t\t\t\t<div class=\"elementor-section elementor-top-section elementor-element elementor-element-61c9962 elementor-section-boxed elementor-section-height-default elementor-section-height-default\" data-id=\"61c9962\" data-element_type=\"section\">\n\t\t\t\t\t\t<div class=\"elementor-container elementor-column-gap-default\">\n\t\t\t\t\t<div class=\"elementor-column elementor-col-100 elementor-top-column elementor-element elementor-element-eca416a\" data-id=\"eca416a\" data-element_type=\"column\">\n\t\t\t<div class=\"elementor-widget-wrap elementor-element-populated\">\n\t\t\t\t\t\t\t\t<div class=\"elementor-element elementor-element-9b5868a elementor-widget elementor-widget-text-editor\" data-id=\"9b5868a\" data-element_type=\"widget\" data-widget_type=\"text-editor.default\">\n\t\t\t\t<div class=\"elementor-widget-container\">\n\t\t\t\t\t\t\t<h2>\u00a0<\/h2><h2><strong>PRIVACY POLICY<\/strong><\/h2><p>\u00cen conformitate cu prevederile Legii Nr.133\/2011 privind protec\u021bia datelor cu<br \/>caracter personal, furnizorul de servicii prelucreaz\u0103 date cu caracter personal.<br \/>Datele cu caracter personal sunt prelucrate cu buna-credin\u021b\u0103 \u0219i se face \u00een temeiul<br \/>\u0219i \u00een conformitate cu prevederile legale. Prelucrarea datelor cu caracter personal<br \/>se realizeaz\u0103 prin mijloace mixte (automate \u0219i manuale), cu respectarea<br \/>cerin\u021belor legale \u0219i \u00een condi\u021bii care s\u0103 asigure securitatea, confiden\u021bialitatea \u0219i<br \/>respectarea drepturilor persoanelor vizate.<br \/>Furnizorul colecteaz\u0103 \u0219i prelucreaz\u0103 doar datele personale furnizate de<br \/>consumatori la efectuarea comenzii: nume, prenume, num\u0103r de telefon, adresa,<br \/>adresa po\u0219tal\u0103.<br \/>Datele personale sunt utilizate exclusiv \u00een scopul administr\u0103rii site-ului, pentru a<br \/>permite accesul la informa\u021bii special, pentru livrarea comenzilor sau pentru a<br \/>contacta consumatorul \u00een vederea execut\u0103rii livr\u0103rii. Prin prezenta informare,<br \/>utilizatorii \u0219i consumatorii iau cuno\u0219tin\u021b\u0103 despre faptul c\u0103 li se vor prelucra \u0219i<br \/>utiliza datele cu caracter personal (nume, prenume, num\u0103r de telefon, adresa,<br \/>adresa po\u0219tal\u0103). Furnizorul de servicii prelucreaz\u0103 datele cu caracter personal<br \/>ale utilizatorilor \u0219i consumatorilor care sunt furnizate prin navigarea, folosirea \u0219i<br \/>\u00eenregistrarea pe site-ul www.eye.casacurata.online<br \/>Orice informa\u021bie furnizat\u0103 de c\u0103tre utilizatorii \u0219i consumatorii site-ului<br \/>www.eyeseduction, va fi considerat\u0103 \u0219i va reprezenta consim\u021b\u0103m\u00e2ntul expres ca<br \/>datele personale s\u0103 fie folosite de Furnizor.<br \/>Furnizorul nu va dezv\u0103lui unei ter\u021be p\u0103r\u021bi niciuna dintre datele de\u021binute, f\u0103r\u0103<br \/>acordul persoanelor vizate \u0219i nu va comercializa, schimba, divulga aceste date<br \/>cu alte persoane, cu excep\u021biile prev\u0103zute de legisla\u021bia \u00een vigoare (la solicitarea<br \/>institu\u021biilor publice ale statului, organele de drept, instan\u021belor de judecat\u0103, de<br \/>asemenea autorizate s\u0103 prelucreze date cu caracter personal).<br \/>Datele cu caracter personal pot fi prelucrate \u0219i utilizate de c\u0103tre Furnizor \u0219i \u00een<br \/>scopuri statistice \u0219i de promovare ulterioar\u0103.<br \/>Furnizorul de servicii \u00eendepline\u0219te cerin\u021bele de securitate a datelor cu caracter<br \/>personal \u0219i asigur\u0103 protec\u021bia datelor consumatorilor \u0219i le protejeaz\u0103 pentru a nu fi<br \/>pierdute, distruse, distorsionate\/falsificate sau divulgate ter\u021belor persoane.<br \/>Furnizorul utilizeaz\u0103 metode \u0219i tehnologii de securitate conform prevederilor<br \/>legale \u00een vigoare.<br \/>Furnizorul nu colecteaz\u0103 informa\u021bii referitoare la tranzac\u021bii, cum ar fi nr. la card,<br \/>data expir\u0103rii, \u021bara de origine.<\/p><p>\u00a0<\/p>\t\t\t\t\t\t<\/div>\n\t\t\t\t<\/div>\n\t\t\t\t\t<\/div>\n\t\t<\/div>\n\t\t\t\t\t\t\t<\/div>\n\t\t<\/div>\n\t\t\t\t\t\t\t<\/div>","protected":false},"excerpt":{"rendered":"<p>\u00a0 TERMENI \u0218I CONDI\u021aII Pentru folosirea \u00een bune condi\u021bii a site-ului, v\u0103 recomand\u0103m familiarizarea cuaten\u021bie a Termenilor \u0219i Condi\u021biilor prezentate. Ne rezerv\u0103m dreptul de a facemodific\u0103ri ale acestor prevederi, f\u0103r\u0103 o notificare prealabil\u0103. 1. DISPOZI\u021aII GENERALEAcest site [&hellip;]<\/p>","protected":false},"author":2,"featured_media":0,"parent":0,"menu_order":0,"comment_status":"closed","ping_status":"closed","template":"","meta":{"footnotes":""},"class_list":["post-21276","page","type-page","status-publish","hentry"],"_links":{"self":[{"href":"https:\/\/eye.casacurata.online\/en\/wp-json\/wp\/v2\/pages\/21276","targetHints":{"allow":["GET"]}}],"collection":[{"href":"https:\/\/eye.casacurata.online\/en\/wp-json\/wp\/v2\/pages"}],"about":[{"href":"https:\/\/eye.casacurata.online\/en\/wp-json\/wp\/v2\/types\/page"}],"author":[{"embeddable":true,"href":"https:\/\/eye.casacurata.online\/en\/wp-json\/wp\/v2\/users\/2"}],"replies":[{"embeddable":true,"href":"https:\/\/eye.casacurata.online\/en\/wp-json\/wp\/v2\/comments?post=21276"}],"version-history":[{"count":35,"href":"https:\/\/eye.casacurata.online\/en\/wp-json\/wp\/v2\/pages\/21276\/revisions"}],"predecessor-version":[{"id":22761,"href":"https:\/\/eye.casacurata.online\/en\/wp-json\/wp\/v2\/pages\/21276\/revisions\/22761"}],"wp:attachment":[{"href":"https:\/\/eye.casacurata.online\/en\/wp-json\/wp\/v2\/media?parent=21276"}],"curies":[{"name":"wp","href":"https:\/\/api.w.org\/{rel}","templated":true}]}}