{"id":20046,"date":"2023-05-01T09:53:52","date_gmt":"2023-05-01T09:53:52","guid":{"rendered":"http:\/\/mgana.eye.casacurata.online\/?post_type=product&#038;p=20046"},"modified":"2023-12-18T14:05:12","modified_gmt":"2023-12-18T14:05:12","slug":"black-titan","status":"publish","type":"product","link":"https:\/\/eye.casacurata.online\/en\/product\/black-titan\/","title":{"rendered":"Black titan"},"content":{"rendered":"","protected":false},"excerpt":{"rendered":"<p>Lentilele crazy cu efecte speciale sunt alegerea perfect\u0103 pentru a da impresia unei priviri \u00eenfrico\u0219\u0103toare\u00a0 . Av\u00eend un \u00a0design surprinz\u0103tor, \u00een nuan\u021be vibrante sau opace, cu efecte speciale , \u00eentr-o gam\u0103 variat\u0103: de la priviri s\u00e2ngerii, la cele ce ne duc cu g\u00e2ndul la robo\u021bi sau zoombi, toate oferindu-\u021bi posibilitatea de a crea un look impresionant . Materialul ColourVue din hidrogel patentat asigur\u0103 un confort maxim \u00een timpul purt\u0103rii .<\/p>\n<p><strong>Caracteristici:<\/strong><\/p>\n<ul>\n<li>Producator: MaxVue Vision<\/li>\n<li>Model: Black titan<\/li>\n<li>Regim de purtare: De zi<\/li>\n<li>Puterea optica: 0.0<\/li>\n<li>Material: Hidrogel Terpolymer 55%<\/li>\n<li>Continut de apa: 45%<\/li>\n<li>Diametru: 17.00 mm<\/li>\n<li>Raza de curbura: 8.6.00 mm<\/li>\n<li>Perioada Utilizare: 3 luni<\/li>\n<\/ul>\n<p><strong>Pre\u021bul este indicat pentru o pereche de lentile f\u0103r\u0103 sticla cu solu\u021bie . Pentru a comanda solu\u021bie\/pic\u0103turi hidratante\u00a0\u00a0<a href=\"http:\/\/neweyeseduction\/product-category\/produse-pentru-ingrijire\/\">click aici<\/a><\/strong><\/p>\n<p>&nbsp;<\/p>\n<p>&nbsp;<\/p>","protected":false},"featured_media":20076,"template":"","meta":[],"product_cat":[105,106],"product_tag":[],"class_list":["post-20046","product","type-product","status-publish","has-post-thumbnail","hentry","product_cat-lentile-de-carnaval","product_cat-sclera-minisclera"],"_links":{"self":[{"href":"https:\/\/eye.casacurata.online\/en\/wp-json\/wp\/v2\/product\/20046","targetHints":{"allow":["GET"]}}],"collection":[{"href":"https:\/\/eye.casacurata.online\/en\/wp-json\/wp\/v2\/product"}],"about":[{"href":"https:\/\/eye.casacurata.online\/en\/wp-json\/wp\/v2\/types\/product"}],"wp:featuredmedia":[{"embeddable":true,"href":"https:\/\/eye.casacurata.online\/en\/wp-json\/wp\/v2\/media\/20076"}],"wp:attachment":[{"href":"https:\/\/eye.casacurata.online\/en\/wp-json\/wp\/v2\/media?parent=20046"}],"wp:term":[{"taxonomy":"product_cat","embeddable":true,"href":"https:\/\/eye.casacurata.online\/en\/wp-json\/wp\/v2\/product_cat?post=20046"},{"taxonomy":"product_tag","embeddable":true,"href":"https:\/\/eye.casacurata.online\/en\/wp-json\/wp\/v2\/product_tag?post=20046"}],"curies":[{"name":"wp","href":"https:\/\/api.w.org\/{rel}","templated":true}]}}