{"id":20047,"date":"2023-05-01T09:53:52","date_gmt":"2023-05-01T09:53:52","guid":{"rendered":"http:\/\/mgana.eye.casacurata.online\/?post_type=product&#038;p=20047"},"modified":"2023-07-05T08:23:24","modified_gmt":"2023-07-05T08:23:24","slug":"picaturi-hidratante-pentru-ochi-horien-aqua-comfort","status":"publish","type":"product","link":"https:\/\/eye.casacurata.online\/en\/product\/picaturi-hidratante-pentru-ochi-horien-aqua-comfort\/","title":{"rendered":"Horien Aqua Comfort moisturizing eye drops"},"content":{"rendered":"","protected":false},"excerpt":{"rendered":"<p>Acestea ofer\u0103 confort \u0219i ajutor imediat de lung\u0103 durat\u0103 pentru ochii obosi\u021bi \u0219i usca\u021bi. Re\u021bine umezeala, \u00eempiedic\u0103 uscarea ochilor, reduce sentimentul de disconfort \u0219i sprijin\u0103 produc\u021bia lacrimilor. Sunt recomandate pentru purt\u0103torii lentilelor de contact. Mod de utilizare c\u00e2te 2 pic\u0103turi la necesitate, este binevenit pentru uz frecvent .<\/p>\n<p>&#8211; Produc\u0103tor STERICON PHARMA PVT. LTD.<\/p>\n<p>&#8211; Volum 15 ml<\/p>\n<p>&#8211; Indicate pentru toate tipurile de lentile de contact moi.<\/p>\n<p>&nbsp;<\/p>","protected":false},"featured_media":21974,"template":"","meta":[],"product_cat":[107,108],"product_tag":[],"class_list":["post-20047","product","type-product","status-publish","has-post-thumbnail","hentry","product_cat-produse-pentru-ingrijirea-lentilelor","product_cat-picaturi-hidratante"],"_links":{"self":[{"href":"https:\/\/eye.casacurata.online\/en\/wp-json\/wp\/v2\/product\/20047","targetHints":{"allow":["GET"]}}],"collection":[{"href":"https:\/\/eye.casacurata.online\/en\/wp-json\/wp\/v2\/product"}],"about":[{"href":"https:\/\/eye.casacurata.online\/en\/wp-json\/wp\/v2\/types\/product"}],"wp:featuredmedia":[{"embeddable":true,"href":"https:\/\/eye.casacurata.online\/en\/wp-json\/wp\/v2\/media\/21974"}],"wp:attachment":[{"href":"https:\/\/eye.casacurata.online\/en\/wp-json\/wp\/v2\/media?parent=20047"}],"wp:term":[{"taxonomy":"product_cat","embeddable":true,"href":"https:\/\/eye.casacurata.online\/en\/wp-json\/wp\/v2\/product_cat?post=20047"},{"taxonomy":"product_tag","embeddable":true,"href":"https:\/\/eye.casacurata.online\/en\/wp-json\/wp\/v2\/product_tag?post=20047"}],"curies":[{"name":"wp","href":"https:\/\/api.w.org\/{rel}","templated":true}]}}