{"id":20053,"date":"2023-05-01T09:53:53","date_gmt":"2023-05-01T09:53:53","guid":{"rendered":"http:\/\/mgana.eye.casacurata.online\/?post_type=product&#038;p=20053"},"modified":"2023-07-04T13:58:21","modified_gmt":"2023-07-04T13:58:21","slug":"white-screen","status":"publish","type":"product","link":"https:\/\/eye.casacurata.online\/en\/product\/white-screen\/","title":{"rendered":"White screen"},"content":{"rendered":"","protected":false},"excerpt":{"rendered":"<p>Lentilele crazy cu efecte speciale sunt alegerea perfecta pentru a da impresia unei priviri infricosatoare\u00a0 . Avind un \u00a0design surprinzator, in nuante vibrante sau opace, cu efecte speciale , intr-o gama variata: de la priviri sangerii, la cele ce ne duc cu gandul la roboti sau zoombi, toate oferindu-ti posibilitatea de a crea un look impresionant . Materialul ColourVue din hidrogel patentat asigura un confort maxim in timpul purtarii .<\/p>\n<p>Caracteristici:<\/p>\n<ul>\n<li>Producator: MaxVue Vision<\/li>\n<li>Model: White screen<\/li>\n<li>Regim de purtare: De zi<\/li>\n<li>Puterea optica: 0.0<\/li>\n<li>Material: Hidrogel Terpolymer 55%<\/li>\n<li>Continut de apa: 45%<\/li>\n<li>Diametru: 14.00 mm<\/li>\n<li>Grosimea centrului : 0.05 mm<\/li>\n<li>Raza de curbura: 8.6 mm<\/li>\n<li>Perioada Utilizare: 90 purtari<\/li>\n<\/ul>\n<p>&nbsp;<\/p>\n<p>&nbsp;<\/p>\n<p><strong>Pre\u021bul este indicat pentru o pereche de lentile f\u0103r\u0103 sticla cu solu\u021bie . Livrare gratuit\u0103 \u00een toat\u0103 Moldova .<\/strong><\/p>\n<p>&nbsp;<\/p>\n<p>&nbsp;<\/p>","protected":false},"featured_media":20104,"template":"","meta":[],"product_cat":[105,112],"product_tag":[],"class_list":["post-20053","product","type-product","status-publish","has-post-thumbnail","hentry","product_cat-lentile-de-carnaval","product_cat-standarte"],"_links":{"self":[{"href":"https:\/\/eye.casacurata.online\/en\/wp-json\/wp\/v2\/product\/20053","targetHints":{"allow":["GET"]}}],"collection":[{"href":"https:\/\/eye.casacurata.online\/en\/wp-json\/wp\/v2\/product"}],"about":[{"href":"https:\/\/eye.casacurata.online\/en\/wp-json\/wp\/v2\/types\/product"}],"wp:featuredmedia":[{"embeddable":true,"href":"https:\/\/eye.casacurata.online\/en\/wp-json\/wp\/v2\/media\/20104"}],"wp:attachment":[{"href":"https:\/\/eye.casacurata.online\/en\/wp-json\/wp\/v2\/media?parent=20053"}],"wp:term":[{"taxonomy":"product_cat","embeddable":true,"href":"https:\/\/eye.casacurata.online\/en\/wp-json\/wp\/v2\/product_cat?post=20053"},{"taxonomy":"product_tag","embeddable":true,"href":"https:\/\/eye.casacurata.online\/en\/wp-json\/wp\/v2\/product_tag?post=20053"}],"curies":[{"name":"wp","href":"https:\/\/api.w.org\/{rel}","templated":true}]}}