{"id":20059,"date":"2023-05-01T09:53:53","date_gmt":"2023-05-01T09:53:53","guid":{"rendered":"http:\/\/mgana.eye.casacurata.online\/?post_type=product&#038;p=20059"},"modified":"2023-07-04T13:58:21","modified_gmt":"2023-07-04T13:58:21","slug":"recipiente-pentru-lentile-macarons","status":"publish","type":"product","link":"https:\/\/eye.casacurata.online\/en\/product\/recipiente-pentru-lentile-macarons\/","title":{"rendered":"Recipiente pentru lentile-macarons"},"content":{"rendered":"","protected":false},"excerpt":{"rendered":"<p>Recipient pentru p\u0103strarea lentilelor de contact \u00een form\u0103 de macarons. Disponibile \u00een 6 culori .<\/p>\n<p class=\"page-title margin-top\"><strong>\u00cengrijirea recipientului :<\/strong><\/p>\n<ul>\n<li>Aplic\u00eend lentilele de contact, arunca\u021bi solu\u021bia din recipient<\/li>\n<li>L\u0103sa\u021bi recipientul s\u0103 se usuce \u00eentr-o \u00eenc\u0103pere cu ventilare bun\u0103, amplas\u00eendu-l pe un \u0219erve\u021bel uscat cu capul \u00een jos<\/li>\n<li>P\u0103stra\u021bi cur\u0103\u021benia recipientului periodic sp\u0103l\u00eendu-l cu \u00a0s\u0103pun<\/li>\n<li>Nu l\u0103sa\u021bi urme de ap\u0103 \u00een recipient usc\u00eendu-l p\u00een\u0103 la urm\u0103 \u00eenainte de a p\u0103stra lentilele de contact<\/li>\n<li>\u00cen timpul p\u0103str\u0103rii lentilelor \u00een recipient, solu\u021bia trebuie s\u0103 fie ideal curat\u0103 f\u0103r\u0103 urme de cosmetic\u0103, impurit\u0103\u021bi etc.<\/li>\n<\/ul>","protected":false},"featured_media":20134,"template":"","meta":[],"product_cat":[107,118],"product_tag":[],"class_list":["post-20059","product","type-product","status-publish","has-post-thumbnail","hentry","product_cat-produse-pentru-ingrijirea-lentilelor","product_cat-recipiente-pentru-lentile"],"_links":{"self":[{"href":"https:\/\/eye.casacurata.online\/en\/wp-json\/wp\/v2\/product\/20059","targetHints":{"allow":["GET"]}}],"collection":[{"href":"https:\/\/eye.casacurata.online\/en\/wp-json\/wp\/v2\/product"}],"about":[{"href":"https:\/\/eye.casacurata.online\/en\/wp-json\/wp\/v2\/types\/product"}],"wp:featuredmedia":[{"embeddable":true,"href":"https:\/\/eye.casacurata.online\/en\/wp-json\/wp\/v2\/media\/20134"}],"wp:attachment":[{"href":"https:\/\/eye.casacurata.online\/en\/wp-json\/wp\/v2\/media?parent=20059"}],"wp:term":[{"taxonomy":"product_cat","embeddable":true,"href":"https:\/\/eye.casacurata.online\/en\/wp-json\/wp\/v2\/product_cat?post=20059"},{"taxonomy":"product_tag","embeddable":true,"href":"https:\/\/eye.casacurata.online\/en\/wp-json\/wp\/v2\/product_tag?post=20059"}],"curies":[{"name":"wp","href":"https:\/\/api.w.org\/{rel}","templated":true}]}}