{"id":20069,"date":"2023-05-01T09:53:54","date_gmt":"2023-05-01T09:53:54","guid":{"rendered":"http:\/\/mgana.eye.casacurata.online\/?post_type=product&#038;p=20069"},"modified":"2023-11-29T10:31:54","modified_gmt":"2023-11-29T10:31:54","slug":"geanta-cosmetica-no-1","status":"publish","type":"product","link":"https:\/\/eye.casacurata.online\/en\/product\/geanta-cosmetica-no-1\/","title":{"rendered":"Geanta cosmetica No. 1"},"content":{"rendered":"","protected":false},"excerpt":{"rendered":"<p>Geant\u0103 cosmetic\u0103 elegant\u0103 &#8211; organizator din piele PU, practic\u0103 \u0219i\u00a0 inc\u0103patoare cu o imprimare creativ\u0103 care prezint\u0103 caractere din desene animate . Este ideal\u0103 pentru fetele de orice v\u00e2rst\u0103 care doresc s\u0103-\u0219i organizeze lucrurile. Acest accesoriu elegant si compact este extrem de convenabil pentru calatorii \u0219i via\u021ba de zi cu zi.\u00a0 Este ideal pentru pastrarea cosmeticelor, precum \u0219i pentru multe alte lucruri mici personale . Punga cosmetic\u0103 este echipat\u0103 cu un fermoar de deschidere \u0219i m\u00e2ner.<\/p>\n<p>&nbsp;<\/p>\n<p><strong>Descriere :<\/strong><\/p>\n<ul>\n<li>Culoare : multicolor<\/li>\n<li>Material: piele PU<\/li>\n<li>Marime: 21.5cm*12cm<\/li>\n<li>Furnitura : fermuar + miner.<\/li>\n<\/ul>","protected":false},"featured_media":20174,"template":"","meta":[],"product_cat":[121,123],"product_tag":[],"class_list":["post-20069","product","type-product","status-publish","has-post-thumbnail","hentry","product_cat-truse-cosmetice","product_cat-cu-animalute"],"_links":{"self":[{"href":"https:\/\/eye.casacurata.online\/en\/wp-json\/wp\/v2\/product\/20069","targetHints":{"allow":["GET"]}}],"collection":[{"href":"https:\/\/eye.casacurata.online\/en\/wp-json\/wp\/v2\/product"}],"about":[{"href":"https:\/\/eye.casacurata.online\/en\/wp-json\/wp\/v2\/types\/product"}],"wp:featuredmedia":[{"embeddable":true,"href":"https:\/\/eye.casacurata.online\/en\/wp-json\/wp\/v2\/media\/20174"}],"wp:attachment":[{"href":"https:\/\/eye.casacurata.online\/en\/wp-json\/wp\/v2\/media?parent=20069"}],"wp:term":[{"taxonomy":"product_cat","embeddable":true,"href":"https:\/\/eye.casacurata.online\/en\/wp-json\/wp\/v2\/product_cat?post=20069"},{"taxonomy":"product_tag","embeddable":true,"href":"https:\/\/eye.casacurata.online\/en\/wp-json\/wp\/v2\/product_tag?post=20069"}],"curies":[{"name":"wp","href":"https:\/\/api.w.org\/{rel}","templated":true}]}}