{"id":20153,"date":"2023-05-01T09:55:26","date_gmt":"2023-05-01T09:55:26","guid":{"rendered":"http:\/\/mgana.eye.casacurata.online\/?post_type=product&#038;p=20153"},"modified":"2023-07-04T13:58:19","modified_gmt":"2023-07-04T13:58:19","slug":"senegal-black-silver","status":"publish","type":"product","link":"https:\/\/eye.casacurata.online\/en\/product\/senegal-black-silver\/","title":{"rendered":"SENEGAL BLACK SILVER"},"content":{"rendered":"","protected":false},"excerpt":{"rendered":"<p><strong>Codi\u021bele senegaleze <\/strong>sunt formate din dou\u0103 \u0219uvi\u021be str\u00e2ns r\u0103sucite care formeaz\u0103 \u00eempletituri rotunde \u0219i netede. Au un aspect interesant, elegant \u0219i frumos, iar paleta divers\u0103 de culori permite s\u0103 alege\u021bi nuan\u021ba potrivit\u0103.<\/p>\n<p>Codi\u021bele senegaleze se \u00eempletesc prin braiduri. Lungimea p\u0103rului pentru \u00eempletirea codi\u021belor senegalese trebuie s\u0103 fie de cel pu\u021bin \u0219apte centimetri.<\/p>\n<p><strong>Descriere :<\/strong><br \/>\n\u2022 Material: 100 % fibr\u0103 sintetic\u0103 de rezisten\u021b\u0103 termic\u0103 \u00eenalt\u0103<br \/>\n\u2022 Lungime : 63 cm<br \/>\n\u2022 Greutate: 100 gr<\/p>\n<p><strong>Pre\u021bul este indicat pentru o leg\u0103tur\u0103 din 30 capete. Pentru un cap e nevoie de 5-7 leg\u0103turi.<\/strong><\/p>\n<p><strong>Pre\u021bul este indicat pentru \u00a0un set din 6 buc\u0103\u021bi (un cap)\u00a0<\/strong><\/p>\n<p>&nbsp;<\/p>","protected":false},"featured_media":20254,"template":"","meta":[],"product_cat":[119,178],"product_tag":[],"class_list":["post-20153","product","type-product","status-publish","has-post-thumbnail","hentry","product_cat-par-pentru-impletire","product_cat-senegaleze"],"_links":{"self":[{"href":"https:\/\/eye.casacurata.online\/en\/wp-json\/wp\/v2\/product\/20153","targetHints":{"allow":["GET"]}}],"collection":[{"href":"https:\/\/eye.casacurata.online\/en\/wp-json\/wp\/v2\/product"}],"about":[{"href":"https:\/\/eye.casacurata.online\/en\/wp-json\/wp\/v2\/types\/product"}],"wp:featuredmedia":[{"embeddable":true,"href":"https:\/\/eye.casacurata.online\/en\/wp-json\/wp\/v2\/media\/20254"}],"wp:attachment":[{"href":"https:\/\/eye.casacurata.online\/en\/wp-json\/wp\/v2\/media?parent=20153"}],"wp:term":[{"taxonomy":"product_cat","embeddable":true,"href":"https:\/\/eye.casacurata.online\/en\/wp-json\/wp\/v2\/product_cat?post=20153"},{"taxonomy":"product_tag","embeddable":true,"href":"https:\/\/eye.casacurata.online\/en\/wp-json\/wp\/v2\/product_tag?post=20153"}],"curies":[{"name":"wp","href":"https:\/\/api.w.org\/{rel}","templated":true}]}}