{"id":20293,"date":"2023-05-01T09:56:58","date_gmt":"2023-05-01T09:56:58","guid":{"rendered":"http:\/\/mgana.eye.casacurata.online\/?post_type=product&#038;p=20293"},"modified":"2023-10-31T11:16:48","modified_gmt":"2023-10-31T11:16:48","slug":"solutie-multifunctionala-pentru-lentile-de-contact-horien-360-ml","status":"publish","type":"product","link":"https:\/\/eye.casacurata.online\/en\/product\/solutie-multifunctionala-pentru-lentile-de-contact-horien-360-ml\/","title":{"rendered":"Multifunctional contact lens solution Horien 360 ml"},"content":{"rendered":"","protected":false},"excerpt":{"rendered":"<p><strong>Solu\u021bie multifunc\u021bional\u0103 pentru\u00a0 lentile de contact Horien cu recipient inclus &#8211; <\/strong>este potrivit\u0103 pentru toate lentilele de contact moi, inclusiv celor din silicon-hidrogel, se folose\u0219te pentru:<\/p>\n<ul>\n<li>Cur\u0103\u021bare<\/li>\n<li>Hidratare<\/li>\n<li>Dezinfectare<\/li>\n<li>Cl\u0103tire<\/li>\n<li>Depozitare<\/li>\n<li>Lubrifiere<\/li>\n<li>\u00cendep\u0103rtarea depozit\u0103rilor proteice<\/li>\n<\/ul>\n<p>&nbsp;<\/p>\n<p>Se schimb\u0103 dup\u0103 fiecare purtare a lentilelor de contact. Timpul minimal pentru dezinfectare total\u0103 constituie 4 ore. Solu\u021bia vine \u00eempreun\u0103 cu recipientul de p\u0103strare. A se p\u0103stra cu c\u0103p\u0103celul \u00eenchis la temperatura de 15-30 grade C. A nu se mai utiliza dup\u0103 3-4 luni de la deschidere.<\/p>","protected":false},"featured_media":20420,"template":"","meta":[],"product_cat":[107,181],"product_tag":[],"class_list":["post-20293","product","type-product","status-publish","has-post-thumbnail","hentry","product_cat-produse-pentru-ingrijirea-lentilelor","product_cat-solutie-360ml"],"_links":{"self":[{"href":"https:\/\/eye.casacurata.online\/en\/wp-json\/wp\/v2\/product\/20293","targetHints":{"allow":["GET"]}}],"collection":[{"href":"https:\/\/eye.casacurata.online\/en\/wp-json\/wp\/v2\/product"}],"about":[{"href":"https:\/\/eye.casacurata.online\/en\/wp-json\/wp\/v2\/types\/product"}],"wp:featuredmedia":[{"embeddable":true,"href":"https:\/\/eye.casacurata.online\/en\/wp-json\/wp\/v2\/media\/20420"}],"wp:attachment":[{"href":"https:\/\/eye.casacurata.online\/en\/wp-json\/wp\/v2\/media?parent=20293"}],"wp:term":[{"taxonomy":"product_cat","embeddable":true,"href":"https:\/\/eye.casacurata.online\/en\/wp-json\/wp\/v2\/product_cat?post=20293"},{"taxonomy":"product_tag","embeddable":true,"href":"https:\/\/eye.casacurata.online\/en\/wp-json\/wp\/v2\/product_tag?post=20293"}],"curies":[{"name":"wp","href":"https:\/\/api.w.org\/{rel}","templated":true}]}}