{"id":20376,"date":"2023-05-01T09:57:43","date_gmt":"2023-05-01T09:57:43","guid":{"rendered":"http:\/\/mgana.eye.casacurata.online\/?post_type=product&#038;p=20376"},"modified":"2023-07-04T13:57:44","modified_gmt":"2023-07-04T13:57:44","slug":"set-pentru-lentile-de-contact-roz","status":"publish","type":"product","link":"https:\/\/eye.casacurata.online\/en\/product\/set-pentru-lentile-de-contact-roz\/","title":{"rendered":"Kit for contact lens - PINK"},"content":{"rendered":"","protected":false},"excerpt":{"rendered":"<p>\u2605 DESIGN PORTABIL: 6cm*6cm*2cm, acest set este compact \u0219i \u00eenc\u0103p\u0103tor, perfect pentru p\u0103strarea \u0219i \u00eengrijirea lentilelor de contact \u00een timpul c\u0103l\u0103toriilor.<\/p>\n<p>\u2605 SIGUR \u0218I ACTUAL: fabricate din materiale plastice de \u00eenalt\u0103 calitate, care sunt ecologice, sigure \u0219i reciclabile. Designul str\u0103lucitor este actual pentru toate evenimentele .<\/p>\n<p>\u2605 ACCESORII: setul este format dintr-o carcas\u0103 pentru lentile de contact; oglind\u0103 pentru aplicarea convenabil\u0103 a lentilelor; o mini sticl\u0103 pentru solu\u021bie; penset\u0103 din silicon pentru extragerea lentilelor din recipient; aplicator pentru aplicarea lentilelor .<\/p>\n<p>\u2605P\u00c2STRA\u021aI IGIENA RECIPIENTULUI: \u00eentotdeauna sp\u0103la\u021bi-v\u0103 m\u00e2inele cu s\u00e2pun \u00eenainte de a aplica lentilele. P\u0103stra\u021bi recipientul curat \u0219i schimba\u021bi solu\u021bia dup\u0103 fiecare purtare .<\/p>","protected":false},"featured_media":20494,"template":"","meta":[],"product_cat":[107,177],"product_tag":[],"class_list":["post-20376","product","type-product","status-publish","has-post-thumbnail","hentry","product_cat-produse-pentru-ingrijirea-lentilelor","product_cat-set-pentru-lentile-de-contact"],"_links":{"self":[{"href":"https:\/\/eye.casacurata.online\/en\/wp-json\/wp\/v2\/product\/20376","targetHints":{"allow":["GET"]}}],"collection":[{"href":"https:\/\/eye.casacurata.online\/en\/wp-json\/wp\/v2\/product"}],"about":[{"href":"https:\/\/eye.casacurata.online\/en\/wp-json\/wp\/v2\/types\/product"}],"wp:featuredmedia":[{"embeddable":true,"href":"https:\/\/eye.casacurata.online\/en\/wp-json\/wp\/v2\/media\/20494"}],"wp:attachment":[{"href":"https:\/\/eye.casacurata.online\/en\/wp-json\/wp\/v2\/media?parent=20376"}],"wp:term":[{"taxonomy":"product_cat","embeddable":true,"href":"https:\/\/eye.casacurata.online\/en\/wp-json\/wp\/v2\/product_cat?post=20376"},{"taxonomy":"product_tag","embeddable":true,"href":"https:\/\/eye.casacurata.online\/en\/wp-json\/wp\/v2\/product_tag?post=20376"}],"curies":[{"name":"wp","href":"https:\/\/api.w.org\/{rel}","templated":true}]}}