{"id":20569,"date":"2023-05-01T10:01:21","date_gmt":"2023-05-01T10:01:21","guid":{"rendered":"http:\/\/mgana.eye.casacurata.online\/?post_type=product&#038;p=20569"},"modified":"2023-07-04T13:57:43","modified_gmt":"2023-07-04T13:57:43","slug":"monet-blue","status":"publish","type":"product","link":"https:\/\/eye.casacurata.online\/en\/product\/monet-blue\/","title":{"rendered":"Monet Blue"},"content":{"rendered":"","protected":false},"excerpt":{"rendered":"<p>[xts_html_block id=&#8221;18780&#8243;]<\/p>\n<p>Este o serie special\u0103 de lentile \u00a0pictat\u0103 manual. O combina\u021bie frumoas\u0103 de culori ofer\u0103 un aspect rafinat ochilor Dvs. Acoper\u0103 perfect ochii c\u0103prui deschis inclusiv negri.<\/p>\n<p><strong>The price is indicated for one pair of contact lens without case and solution.\u00a0<\/strong><\/p>\n<p>&nbsp;<\/p>","protected":false},"featured_media":20615,"template":"","meta":[],"product_cat":[114,117],"product_tag":[],"class_list":["post-20569","product","type-product","status-publish","has-post-thumbnail","hentry","product_cat-lentile-colorate","product_cat-albastru"],"_links":{"self":[{"href":"https:\/\/eye.casacurata.online\/en\/wp-json\/wp\/v2\/product\/20569","targetHints":{"allow":["GET"]}}],"collection":[{"href":"https:\/\/eye.casacurata.online\/en\/wp-json\/wp\/v2\/product"}],"about":[{"href":"https:\/\/eye.casacurata.online\/en\/wp-json\/wp\/v2\/types\/product"}],"wp:featuredmedia":[{"embeddable":true,"href":"https:\/\/eye.casacurata.online\/en\/wp-json\/wp\/v2\/media\/20615"}],"wp:attachment":[{"href":"https:\/\/eye.casacurata.online\/en\/wp-json\/wp\/v2\/media?parent=20569"}],"wp:term":[{"taxonomy":"product_cat","embeddable":true,"href":"https:\/\/eye.casacurata.online\/en\/wp-json\/wp\/v2\/product_cat?post=20569"},{"taxonomy":"product_tag","embeddable":true,"href":"https:\/\/eye.casacurata.online\/en\/wp-json\/wp\/v2\/product_tag?post=20569"}],"curies":[{"name":"wp","href":"https:\/\/api.w.org\/{rel}","templated":true}]}}