{"id":20608,"date":"2023-05-01T10:01:47","date_gmt":"2023-05-01T10:01:47","guid":{"rendered":"http:\/\/mgana.eye.casacurata.online\/?post_type=product&#038;p=20608"},"modified":"2023-11-02T12:14:44","modified_gmt":"2023-11-02T12:14:44","slug":"cloud-choco","status":"publish","type":"product","link":"https:\/\/eye.casacurata.online\/en\/product\/cloud-choco\/","title":{"rendered":"Cloud Choco"},"content":{"rendered":"","protected":false},"excerpt":{"rendered":"<p>[xts_html_block id=&#8221;18780&#8243;]<\/p>\n<p>O tehnologie ultra modern\u0103 \u00een colorarea lentilelor de contact, comfort excep\u021bional pe durata \u00eentregii purt\u0103ri. Seria Cloud este destinat\u0103 pentru doritorii de a ob\u021bine un efect natural \u00een acela\u0219i timp vizibil. Lipsa inelului limbal creaz\u0103 o privire fascinant\u0103, sunt compatibile perfect at\u00e2t cu\u00a0 ochii c\u0103prui c\u00e2t \u0219i cu ochii alba\u0219tri.<\/p>\n<p><strong>The price is indicated for one pair of contact lens without case and solution.\u00a0<\/strong><\/p>\n<p>&nbsp;<\/p>","protected":false},"featured_media":20671,"template":"","meta":[],"product_cat":[114,180],"product_tag":[],"class_list":["post-20608","product","type-product","status-publish","has-post-thumbnail","hentry","product_cat-lentile-colorate","product_cat-caprui"],"_links":{"self":[{"href":"https:\/\/eye.casacurata.online\/en\/wp-json\/wp\/v2\/product\/20608","targetHints":{"allow":["GET"]}}],"collection":[{"href":"https:\/\/eye.casacurata.online\/en\/wp-json\/wp\/v2\/product"}],"about":[{"href":"https:\/\/eye.casacurata.online\/en\/wp-json\/wp\/v2\/types\/product"}],"wp:featuredmedia":[{"embeddable":true,"href":"https:\/\/eye.casacurata.online\/en\/wp-json\/wp\/v2\/media\/20671"}],"wp:attachment":[{"href":"https:\/\/eye.casacurata.online\/en\/wp-json\/wp\/v2\/media?parent=20608"}],"wp:term":[{"taxonomy":"product_cat","embeddable":true,"href":"https:\/\/eye.casacurata.online\/en\/wp-json\/wp\/v2\/product_cat?post=20608"},{"taxonomy":"product_tag","embeddable":true,"href":"https:\/\/eye.casacurata.online\/en\/wp-json\/wp\/v2\/product_tag?post=20608"}],"curies":[{"name":"wp","href":"https:\/\/api.w.org\/{rel}","templated":true}]}}