{"id":20614,"date":"2023-05-01T10:01:47","date_gmt":"2023-05-01T10:01:47","guid":{"rendered":"http:\/\/mgana.eye.casacurata.online\/?post_type=product&#038;p=20614"},"modified":"2023-10-13T09:18:28","modified_gmt":"2023-10-13T09:18:28","slug":"ariel-t4-56a","status":"publish","type":"product","link":"https:\/\/eye.casacurata.online\/en\/product\/ariel-t4-56a\/","title":{"rendered":"ARIEL T4\/56A"},"content":{"rendered":"","protected":false},"excerpt":{"rendered":"<div class=\"woocommerce-product-details__short-description\">\n<p class=\"p1\"><span class=\"s1\"><strong>Afro-buclele<\/strong>\u00a0sunt extensii de p\u0103r prin metoda rece care nu are efecte nocive. Cu aceast\u0103 metod\u0103, pute\u021bi crea \u00een siguran\u021b\u0103 \u0219i f\u0103r\u0103 durere volumul \u0219i lungimea dorit\u0103.<\/span><\/p>\n<p class=\"p3\"><span class=\"s2\">\u00cen timpul procesului de extensie<\/span><span class=\"s3\">,\u00a0<\/span><span class=\"s1\">p\u0103rul natural se va \u00eempleti spiculete pe scalp dup\u0103 care se vor aplica extensiile afro \u0219uvi\u021b\u0103 cu \u0219uvi\u021b\u0103, p\u00e2n\u0103 se va ajunge la volumul dorit.<\/span><\/p>\n<p><strong>Descriere:<\/strong><br \/>\n\u2022 Model: Ariel T10\/14<br \/>\n\u2022 Tip articol: afro bucle<br \/>\n\u2022 Material: 100 % fibr\u0103 sintetic\u0103 de rezisten\u021b\u0103 termic\u0103 \u00eenalt\u0103<br \/>\n\u2022 Lungime : 55 cm<br \/>\n\u2022 Greutate: 300 gr<br \/>\n\u2022 Termen de purtare 1-1.5 luni<\/p>\n<p><strong>Pre\u021bul este indicat pentru un set (un cap)\u00a0<\/strong><\/p>\n<p><strong>\u00cengrijirea:\u00a0<\/strong>Extensiile afro au nevoie de \u00eengrijire minimal\u0103. Seara \u00eenainte de somn sau diminea\u021ba c\u00e2nd ave\u021bi timp, stropi\u021bi buclele cu ap\u0103 \u0219i desc\u00e2lci\u021bi atent v\u00e2rfurile cu degetele. La dorin\u021b\u0103 pute\u021bi folosi uleiuri sau mus pentru bucle pentru un aspect mai \u00eengrijit \u0219i str\u0103lucitor. \u00cenainte de somn str\u00e2nge\u021bi p\u0103rul \u00eentr-o g\u00e2\u021b\u0103 u\u0219oar\u0103 pentru ca buclele s\u0103 fie mai grijulii. La necesitate r\u0103d\u0103cinile se spal\u0103 cu buretele spumat cu \u0219ampon.<\/p>\n<p>&nbsp;<\/p>\n<\/div>\n<p>&nbsp;<\/p>\n<p>&nbsp;<\/p>","protected":false},"featured_media":21965,"template":"","meta":[],"product_cat":[119,183],"product_tag":[],"class_list":["post-20614","product","type-product","status-publish","has-post-thumbnail","hentry","product_cat-par-pentru-impletire","product_cat-afro-bucle"],"_links":{"self":[{"href":"https:\/\/eye.casacurata.online\/en\/wp-json\/wp\/v2\/product\/20614","targetHints":{"allow":["GET"]}}],"collection":[{"href":"https:\/\/eye.casacurata.online\/en\/wp-json\/wp\/v2\/product"}],"about":[{"href":"https:\/\/eye.casacurata.online\/en\/wp-json\/wp\/v2\/types\/product"}],"wp:featuredmedia":[{"embeddable":true,"href":"https:\/\/eye.casacurata.online\/en\/wp-json\/wp\/v2\/media\/21965"}],"wp:attachment":[{"href":"https:\/\/eye.casacurata.online\/en\/wp-json\/wp\/v2\/media?parent=20614"}],"wp:term":[{"taxonomy":"product_cat","embeddable":true,"href":"https:\/\/eye.casacurata.online\/en\/wp-json\/wp\/v2\/product_cat?post=20614"},{"taxonomy":"product_tag","embeddable":true,"href":"https:\/\/eye.casacurata.online\/en\/wp-json\/wp\/v2\/product_tag?post=20614"}],"curies":[{"name":"wp","href":"https:\/\/api.w.org\/{rel}","templated":true}]}}