{"id":20714,"date":"2023-05-01T10:03:38","date_gmt":"2023-05-01T10:03:38","guid":{"rendered":"http:\/\/mgana.eye.casacurata.online\/?post_type=product&#038;p=20714"},"modified":"2023-07-18T17:51:27","modified_gmt":"2023-07-18T17:51:27","slug":"angeles-n-gray","status":"publish","type":"product","link":"https:\/\/eye.casacurata.online\/en\/product\/angeles-n-gray\/","title":{"rendered":"Angeles N Gray"},"content":{"rendered":"","protected":false},"excerpt":{"rendered":"<div data-elementor-type=\"section\" data-elementor-id=\"21093\" class=\"elementor elementor-21093\">\n<div class=\"elementor-section elementor-top-section elementor-element elementor-element-12f53fd elementor-section-boxed elementor-section-height-default elementor-section-height-default\" data-id=\"12f53fd\" data-element_type=\"section\">\n<div class=\"elementor-container elementor-column-gap-default\">\n<div class=\"elementor-column elementor-col-100 elementor-top-column elementor-element elementor-element-e5c41a3\" data-id=\"e5c41a3\" data-element_type=\"column\">\n<div class=\"elementor-widget-wrap elementor-element-populated\">\n<div class=\"elementor-element elementor-element-47bed6e elementor-widget elementor-widget-video\" data-id=\"47bed6e\" data-element_type=\"widget\" data-settings=\"{&quot;youtube_url&quot;:&quot;https:\\\/\\\/www.youtube.com\\\/embed\\\/tYgu1rd_GWk&quot;,&quot;video_type&quot;:&quot;youtube&quot;,&quot;controls&quot;:&quot;yes&quot;}\" data-widget_type=\"video.default\">\n<div class=\"elementor-widget-container\">\n<style>\/*! elementor - v3.16.0 - 13-09-2023 *\/\n.elementor-widget-video .elementor-widget-container{overflow:hidden;transform:translateZ(0)}.elementor-widget-video .elementor-wrapper{aspect-ratio:var(--video-aspect-ratio)}.elementor-widget-video .elementor-wrapper iframe,.elementor-widget-video .elementor-wrapper video{height:100%;width:100%;display:flex;border:none;background-color:#000}@supports not (aspect-ratio:1\/1){.elementor-widget-video .elementor-wrapper{position:relative;overflow:hidden;height:0;padding-bottom:calc(100% \/ var(--video-aspect-ratio))}.elementor-widget-video .elementor-wrapper iframe,.elementor-widget-video .elementor-wrapper video{position:absolute;top:0;right:0;bottom:0;left:0}}.elementor-widget-video .elementor-open-inline .elementor-custom-embed-image-overlay{position:absolute;top:0;right:0;bottom:0;left:0;background-size:cover;background-position:50%}.elementor-widget-video .elementor-custom-embed-image-overlay{cursor:pointer;text-align:center}.elementor-widget-video .elementor-custom-embed-image-overlay:hover .elementor-custom-embed-play i{opacity:1}.elementor-widget-video .elementor-custom-embed-image-overlay img{display:block;width:100%;aspect-ratio:var(--video-aspect-ratio);-o-object-fit:cover;object-fit:cover;-o-object-position:center center;object-position:center center}@supports not (aspect-ratio:1\/1){.elementor-widget-video .elementor-custom-embed-image-overlay{position:relative;overflow:hidden;height:0;padding-bottom:calc(100% \/ var(--video-aspect-ratio))}.elementor-widget-video .elementor-custom-embed-image-overlay img{position:absolute;top:0;right:0;bottom:0;left:0}}.elementor-widget-video .e-hosted-video .elementor-video{-o-object-fit:cover;object-fit:cover}.e-con-inner>.elementor-widget-video,.e-con>.elementor-widget-video{width:var(--container-widget-width);--flex-grow:var(--container-widget-flex-grow)}<\/style>\n<div class=\"elementor-wrapper elementor-open-inline\">\n<div class=\"elementor-video\"><\/div>\n<\/p><\/div>\n<\/p><\/div>\n<\/p><\/div>\n<\/p><\/div>\n<\/p><\/div>\n<\/p><\/div>\n<\/p><\/div>\n<\/p><\/div>\n<p>Este o serie special\u0103 de lentile cu irisul pictat manual. Se privesc incredibil de spectaculos, deoarece m\u0103rimea pupilei este restr\u00e2nsa. Sunt varianta perfect\u0103 pentru film\u0103ri, fotografii \u0219i alte evenimente. V\u0103 rug\u0103m s\u0103 re\u021bine\u021bi c\u0103 lentilele din seria Angeles N nu sunt potrivite pentru a fi utilizate \u00een locuri \u00eentunecate, precum baruri, discoteci etc. Se recomand\u0103 utilizarea \u00een medii cu lumin\u0103 abundent\u0103.<\/p>\n<p><strong>The price is indicated for one pair of contact lens without case and solution.\u00a0<\/strong><\/p>\n<p>&nbsp;<\/p>","protected":false},"featured_media":20743,"template":"","meta":[],"product_cat":[114,116],"product_tag":[],"class_list":["post-20714","product","type-product","status-publish","has-post-thumbnail","hentry","product_cat-lentile-colorate","product_cat-verde"],"_links":{"self":[{"href":"https:\/\/eye.casacurata.online\/en\/wp-json\/wp\/v2\/product\/20714","targetHints":{"allow":["GET"]}}],"collection":[{"href":"https:\/\/eye.casacurata.online\/en\/wp-json\/wp\/v2\/product"}],"about":[{"href":"https:\/\/eye.casacurata.online\/en\/wp-json\/wp\/v2\/types\/product"}],"wp:featuredmedia":[{"embeddable":true,"href":"https:\/\/eye.casacurata.online\/en\/wp-json\/wp\/v2\/media\/20743"}],"wp:attachment":[{"href":"https:\/\/eye.casacurata.online\/en\/wp-json\/wp\/v2\/media?parent=20714"}],"wp:term":[{"taxonomy":"product_cat","embeddable":true,"href":"https:\/\/eye.casacurata.online\/en\/wp-json\/wp\/v2\/product_cat?post=20714"},{"taxonomy":"product_tag","embeddable":true,"href":"https:\/\/eye.casacurata.online\/en\/wp-json\/wp\/v2\/product_tag?post=20714"}],"curies":[{"name":"wp","href":"https:\/\/api.w.org\/{rel}","templated":true}]}}