{"id":20716,"date":"2023-05-01T10:03:38","date_gmt":"2023-05-01T10:03:38","guid":{"rendered":"http:\/\/mgana.eye.casacurata.online\/?post_type=product&#038;p=20716"},"modified":"2023-07-04T13:57:40","modified_gmt":"2023-07-04T13:57:40","slug":"blue-rain","status":"publish","type":"product","link":"https:\/\/eye.casacurata.online\/en\/product\/blue-rain\/","title":{"rendered":"Blue Rain"},"content":{"rendered":"","protected":false},"excerpt":{"rendered":"<p>[xts_html_block id=&#8221;18780&#8243;]<\/p>\n<p>Este o serie special\u0103 de lentile cu irisul pictat manual. Se privesc incredibil de spectaculos , deoarece m\u0103rimea pupilei este restr\u00e2nsa. Sunt varianta perfect\u0103 pentru film\u0103ri , fotografii \u0219i alte evenimente. V\u0103 rug\u0103m s\u0103 re\u021bine\u021bi c\u0103 lentilele din aceasta serie nu sunt potrivite pentru a fi utilizate \u00een locuri \u00eentunecate, precum baruri, discoteci etc. Se recomand\u0103 utilizarea \u00een medii cu lumin\u0103 abundent\u0103.<\/p>\n<p><strong>The price is indicated for one pair of contact lens without case and solution.\u00a0<\/strong><\/p>\n<p>&nbsp;<\/p>","protected":false},"featured_media":20768,"template":"","meta":[],"product_cat":[114,117],"product_tag":[],"class_list":["post-20716","product","type-product","status-publish","has-post-thumbnail","hentry","product_cat-lentile-colorate","product_cat-albastru"],"_links":{"self":[{"href":"https:\/\/eye.casacurata.online\/en\/wp-json\/wp\/v2\/product\/20716","targetHints":{"allow":["GET"]}}],"collection":[{"href":"https:\/\/eye.casacurata.online\/en\/wp-json\/wp\/v2\/product"}],"about":[{"href":"https:\/\/eye.casacurata.online\/en\/wp-json\/wp\/v2\/types\/product"}],"wp:featuredmedia":[{"embeddable":true,"href":"https:\/\/eye.casacurata.online\/en\/wp-json\/wp\/v2\/media\/20768"}],"wp:attachment":[{"href":"https:\/\/eye.casacurata.online\/en\/wp-json\/wp\/v2\/media?parent=20716"}],"wp:term":[{"taxonomy":"product_cat","embeddable":true,"href":"https:\/\/eye.casacurata.online\/en\/wp-json\/wp\/v2\/product_cat?post=20716"},{"taxonomy":"product_tag","embeddable":true,"href":"https:\/\/eye.casacurata.online\/en\/wp-json\/wp\/v2\/product_tag?post=20716"}],"curies":[{"name":"wp","href":"https:\/\/api.w.org\/{rel}","templated":true}]}}