{"id":20723,"date":"2023-05-01T10:03:39","date_gmt":"2023-05-01T10:03:39","guid":{"rendered":"http:\/\/mgana.eye.casacurata.online\/?post_type=product&#038;p=20723"},"modified":"2023-07-04T13:57:39","modified_gmt":"2023-07-04T13:57:39","slug":"venus-gray","status":"publish","type":"product","link":"https:\/\/eye.casacurata.online\/en\/product\/venus-gray\/","title":{"rendered":"Venus Gray"},"content":{"rendered":"","protected":false},"excerpt":{"rendered":"<p>[xts_html_block id=&#8221;18780&#8243;]<\/p>\n<p>Este o serie special\u0103 de lentile cu irisul pictat manual. Se privesc incredibil de spectaculos , deoarece m\u0103rimea pupilei este restr\u00e2nsa. Sunt varianta perfect\u0103 pentru film\u0103ri, fotografii \u0219i alte evenimente. V\u0103 rug\u0103m s\u0103 re\u021bine\u021bi c\u0103 lentilele din aceasta serie nu sunt potrivite pentru a fi utilizate \u00een locuri \u00eentunecate, precum baruri, discoteci etc. Se recomand\u0103 utilizarea \u00een medii cu lumin\u0103 abundent\u0103.<\/p>\n<p><strong>The price is indicated for one pair of contact lens without case and solution.\u00a0<\/strong><\/p>\n<p>&nbsp;<\/p>","protected":false},"featured_media":20794,"template":"","meta":[],"product_cat":[114,169],"product_tag":[],"class_list":["post-20723","product","type-product","status-publish","has-post-thumbnail","hentry","product_cat-lentile-colorate","product_cat-sur"],"_links":{"self":[{"href":"https:\/\/eye.casacurata.online\/en\/wp-json\/wp\/v2\/product\/20723","targetHints":{"allow":["GET"]}}],"collection":[{"href":"https:\/\/eye.casacurata.online\/en\/wp-json\/wp\/v2\/product"}],"about":[{"href":"https:\/\/eye.casacurata.online\/en\/wp-json\/wp\/v2\/types\/product"}],"wp:featuredmedia":[{"embeddable":true,"href":"https:\/\/eye.casacurata.online\/en\/wp-json\/wp\/v2\/media\/20794"}],"wp:attachment":[{"href":"https:\/\/eye.casacurata.online\/en\/wp-json\/wp\/v2\/media?parent=20723"}],"wp:term":[{"taxonomy":"product_cat","embeddable":true,"href":"https:\/\/eye.casacurata.online\/en\/wp-json\/wp\/v2\/product_cat?post=20723"},{"taxonomy":"product_tag","embeddable":true,"href":"https:\/\/eye.casacurata.online\/en\/wp-json\/wp\/v2\/product_tag?post=20723"}],"curies":[{"name":"wp","href":"https:\/\/api.w.org\/{rel}","templated":true}]}}