{"id":20784,"date":"2023-05-01T10:04:28","date_gmt":"2023-05-01T10:04:28","guid":{"rendered":"http:\/\/mgana.eye.casacurata.online\/?post_type=product&#038;p=20784"},"modified":"2023-07-04T13:56:57","modified_gmt":"2023-07-04T13:56:57","slug":"bnghair-35","status":"publish","type":"product","link":"https:\/\/eye.casacurata.online\/en\/product\/bnghair-35\/","title":{"rendered":"BNGHAIR 35"},"content":{"rendered":"","protected":false},"excerpt":{"rendered":"<ul>\n<li class=\"p1\">Extensii de p\u0103r pentru \u00eempletire din fibra sintetica Black &#8216;n Gold Kanekalon.<\/li>\n<li class=\"p1\">Fabricat \u00een SUA din 100% fibr\u0103 Kanekalon.<\/li>\n<li class=\"p1\">Fibr\u0103 u\u0219oar\u0103 pentru \u00eempletiri rapide \u0219i sigure.<\/li>\n<li class=\"p1\">100% fibr\u0103 sintetic\u0103 neinflamabil\u0103.<\/li>\n<li class=\"p1\">Textura naturala Yaki pentru un aspect natural moale si m\u0103t\u0103sos.<\/li>\n<li class=\"p1\">Nu se \u00eenc\u00e2lce\u0219te \u0219i nu-\u0219i schimb\u0103 culoarea pentru un confort \u00een putare de lung\u0103 durat\u0103.<\/li>\n<li class=\"p1\">Metode multiple de fixare a fibrei, inclusiv: scufundare \u00een ap\u0103 fierbinte, cu placa pentru \u00eendreptare la temper\u0103turi sc\u0103zute.<\/li>\n<li class=\"p1\">Folosit pentru diferite stiluri de \u00eempletire inclusiv: \u00eebox braiduri, senegaleze, bucle , afro extensii folosind metoda de fixare cu ap\u0103 fierbinte.<\/li>\n<li class=\"p1\">\u00ce\u021bi men\u021bine p\u0103rul structurat \u00een timp ce dormi \u0219i ajut\u0103 la evitarea frec\u0103rii care creeaz\u0103 ruperea p\u0103rului natural.<\/li>\n<\/ul>\n<p>&nbsp;<\/p>\n<ul>\n<li><strong>Lungimea p\u0103rului<\/strong> : 63 cm<\/li>\n<li><strong>Greutatea p\u0103rului<\/strong> : 90 gr<\/li>\n<li><strong>De la 10 unitati<\/strong> \u20135 % REDUCERE<\/li>\n<\/ul>","protected":false},"featured_media":20857,"template":"","meta":[],"product_cat":[119,198],"product_tag":[],"class_list":["post-20784","product","type-product","status-publish","has-post-thumbnail","hentry","product_cat-par-pentru-impletire","product_cat-par-pentru-afro-extensii"],"_links":{"self":[{"href":"https:\/\/eye.casacurata.online\/en\/wp-json\/wp\/v2\/product\/20784","targetHints":{"allow":["GET"]}}],"collection":[{"href":"https:\/\/eye.casacurata.online\/en\/wp-json\/wp\/v2\/product"}],"about":[{"href":"https:\/\/eye.casacurata.online\/en\/wp-json\/wp\/v2\/types\/product"}],"wp:featuredmedia":[{"embeddable":true,"href":"https:\/\/eye.casacurata.online\/en\/wp-json\/wp\/v2\/media\/20857"}],"wp:attachment":[{"href":"https:\/\/eye.casacurata.online\/en\/wp-json\/wp\/v2\/media?parent=20784"}],"wp:term":[{"taxonomy":"product_cat","embeddable":true,"href":"https:\/\/eye.casacurata.online\/en\/wp-json\/wp\/v2\/product_cat?post=20784"},{"taxonomy":"product_tag","embeddable":true,"href":"https:\/\/eye.casacurata.online\/en\/wp-json\/wp\/v2\/product_tag?post=20784"}],"curies":[{"name":"wp","href":"https:\/\/api.w.org\/{rel}","templated":true}]}}