{"id":20937,"date":"2023-05-01T10:13:00","date_gmt":"2023-05-01T10:13:00","guid":{"rendered":"http:\/\/mgana.eye.casacurata.online\/?post_type=product&#038;p=20937"},"modified":"2023-07-04T13:56:54","modified_gmt":"2023-07-04T13:56:54","slug":"kanekalon-orange","status":"publish","type":"product","link":"https:\/\/eye.casacurata.online\/en\/product\/kanekalon-orange\/","title":{"rendered":"KANEKALON ORANGE"},"content":{"rendered":"<p>test<\/p>","protected":false},"excerpt":{"rendered":"<p><strong>JUMBO BRAIDS <\/strong>\u00a0este o fibr\u0103 artificial\u0103 de \u00eenalt\u0103 calitate special creat\u0103 pentru diferite tipuri de \u00eempletituri: dreaduri, cosi\u021be africane \u0219i franceze etc.\u00a0 Varietatea mare de culori: crimson, albastru, verde, cu efect de ombre etc. permite s\u0103 experimenta\u021bi \u0219i s\u0103 v\u0103 crea\u021bi un stil individual. Un avantaj al acestei coafuri este c\u0103 nu necesit\u0103 vopsirea p\u0103rului cu substan\u021be chimice \u0219i este absolut inofensiv pentru p\u0103rul Dvs.<\/p>\n<p>&nbsp;<\/p>\n<ul>\n<li><strong>Lungimea p\u0103rului<\/strong>\u00a0: 61 cm<\/li>\n<li><strong>Greutatea p\u0103rului<\/strong>\u00a0: 100 gr<\/li>\n<li><strong>De la 10 unitati<\/strong> \u20135 % REDUCERE<\/li>\n<\/ul>","protected":false},"featured_media":20979,"template":"","meta":[],"product_cat":[119,120],"product_tag":[],"class_list":["post-20937","product","type-product","status-publish","has-post-thumbnail","hentry","product_cat-par-pentru-impletire","product_cat-jumbo-si-easy-braids"],"_links":{"self":[{"href":"https:\/\/eye.casacurata.online\/en\/wp-json\/wp\/v2\/product\/20937","targetHints":{"allow":["GET"]}}],"collection":[{"href":"https:\/\/eye.casacurata.online\/en\/wp-json\/wp\/v2\/product"}],"about":[{"href":"https:\/\/eye.casacurata.online\/en\/wp-json\/wp\/v2\/types\/product"}],"wp:featuredmedia":[{"embeddable":true,"href":"https:\/\/eye.casacurata.online\/en\/wp-json\/wp\/v2\/media\/20979"}],"wp:attachment":[{"href":"https:\/\/eye.casacurata.online\/en\/wp-json\/wp\/v2\/media?parent=20937"}],"wp:term":[{"taxonomy":"product_cat","embeddable":true,"href":"https:\/\/eye.casacurata.online\/en\/wp-json\/wp\/v2\/product_cat?post=20937"},{"taxonomy":"product_tag","embeddable":true,"href":"https:\/\/eye.casacurata.online\/en\/wp-json\/wp\/v2\/product_tag?post=20937"}],"curies":[{"name":"wp","href":"https:\/\/api.w.org\/{rel}","templated":true}]}}