{"id":21442,"date":"2023-05-16T12:42:17","date_gmt":"2023-05-16T12:42:17","guid":{"rendered":"https:\/\/eye.casacurata.online\/?post_type=product&#038;p=21442"},"modified":"2023-07-04T13:56:24","modified_gmt":"2023-07-04T13:56:24","slug":"cloud-r-blue","status":"publish","type":"product","link":"https:\/\/eye.casacurata.online\/en\/product\/cloud-r-blue\/","title":{"rendered":"Cloud R Blue"},"content":{"rendered":"","protected":false},"excerpt":{"rendered":"<p>[xts_html_block id=&#8221;18780&#8243;]<\/p>\n<p>Face\u021bi cuno\u0219tin\u021b\u0103 cu cea mai recent\u0103 tendin\u021b\u0103 \u00een schimbarea culorii ochilor. Seria Cloud R creeaz\u0103 o schimbare total\u0103 a culorii, dar p\u0103streaz\u0103 un aspect realist. Lentilele sunt fabricate dup\u0103 o tehnic\u0103 unical\u0103 de gradare a culorilor cre\u00e2nd astfel nuan\u021be naturale pentru un look mai rafinat. Disponibile \u00een 3 culori pastelate, cu inel limbal discret.<\/p>\n<p><strong>The price is indicated for one pair of contact lens without case and solution.\u00a0<\/strong><\/p>","protected":false},"featured_media":21443,"template":"","meta":[],"product_cat":[114,117],"product_tag":[],"class_list":["post-21442","product","type-product","status-publish","has-post-thumbnail","hentry","product_cat-lentile-colorate","product_cat-albastru"],"_links":{"self":[{"href":"https:\/\/eye.casacurata.online\/en\/wp-json\/wp\/v2\/product\/21442","targetHints":{"allow":["GET"]}}],"collection":[{"href":"https:\/\/eye.casacurata.online\/en\/wp-json\/wp\/v2\/product"}],"about":[{"href":"https:\/\/eye.casacurata.online\/en\/wp-json\/wp\/v2\/types\/product"}],"wp:featuredmedia":[{"embeddable":true,"href":"https:\/\/eye.casacurata.online\/en\/wp-json\/wp\/v2\/media\/21443"}],"wp:attachment":[{"href":"https:\/\/eye.casacurata.online\/en\/wp-json\/wp\/v2\/media?parent=21442"}],"wp:term":[{"taxonomy":"product_cat","embeddable":true,"href":"https:\/\/eye.casacurata.online\/en\/wp-json\/wp\/v2\/product_cat?post=21442"},{"taxonomy":"product_tag","embeddable":true,"href":"https:\/\/eye.casacurata.online\/en\/wp-json\/wp\/v2\/product_tag?post=21442"}],"curies":[{"name":"wp","href":"https:\/\/api.w.org\/{rel}","templated":true}]}}