{"id":21718,"date":"2023-06-16T12:34:41","date_gmt":"2023-06-16T12:34:41","guid":{"rendered":"https:\/\/eye.casacurata.online\/?post_type=product&#038;p=21718"},"modified":"2023-07-04T13:56:19","modified_gmt":"2023-07-04T13:56:19","slug":"new-york-gray","status":"publish","type":"product","link":"https:\/\/eye.casacurata.online\/en\/product\/new-york-gray\/","title":{"rendered":"New York Gray"},"content":{"rendered":"","protected":false},"excerpt":{"rendered":"<p>[xts_html_block id=&#8221;18780&#8243;]<\/p>\n<p>Este o serie special\u0103 de lentile cu irisul pictat manual. Se privesc incredibil de spectaculos , deoarece m\u0103rimea pupilei este restr\u00e2nsa. Sunt varianta perfect\u0103 pentru film\u0103ri , fotografii \u0219i alte evenimente. V\u0103 rug\u0103m s\u0103 re\u021bine\u021bi c\u0103 lentilele din seria New York au nevoie de pu\u021bin\u0103 deprindere, nu sunt potrivite pentru a fi utilizate \u00een locuri \u00eentunecate, precum baruri, discoteci etc. Se recomand\u0103 utilizarea \u00een medii cu lumin\u0103 abundent\u0103.<\/p>\n<p><strong>The price is indicated for one pair of contact lens without case and solution.\u00a0<\/strong><\/p>\n<p>&nbsp;<\/p>","protected":false},"featured_media":21719,"template":"","meta":[],"product_cat":[114,169],"product_tag":[],"class_list":["post-21718","product","type-product","status-publish","has-post-thumbnail","hentry","product_cat-lentile-colorate","product_cat-sur"],"_links":{"self":[{"href":"https:\/\/eye.casacurata.online\/en\/wp-json\/wp\/v2\/product\/21718","targetHints":{"allow":["GET"]}}],"collection":[{"href":"https:\/\/eye.casacurata.online\/en\/wp-json\/wp\/v2\/product"}],"about":[{"href":"https:\/\/eye.casacurata.online\/en\/wp-json\/wp\/v2\/types\/product"}],"wp:featuredmedia":[{"embeddable":true,"href":"https:\/\/eye.casacurata.online\/en\/wp-json\/wp\/v2\/media\/21719"}],"wp:attachment":[{"href":"https:\/\/eye.casacurata.online\/en\/wp-json\/wp\/v2\/media?parent=21718"}],"wp:term":[{"taxonomy":"product_cat","embeddable":true,"href":"https:\/\/eye.casacurata.online\/en\/wp-json\/wp\/v2\/product_cat?post=21718"},{"taxonomy":"product_tag","embeddable":true,"href":"https:\/\/eye.casacurata.online\/en\/wp-json\/wp\/v2\/product_tag?post=21718"}],"curies":[{"name":"wp","href":"https:\/\/api.w.org\/{rel}","templated":true}]}}