{"id":21730,"date":"2023-06-18T18:29:58","date_gmt":"2023-06-18T18:29:58","guid":{"rendered":"https:\/\/eye.casacurata.online\/?post_type=product&#038;p=21730"},"modified":"2023-07-04T13:56:19","modified_gmt":"2023-07-04T13:56:19","slug":"coada-de-par-detasabila-613","status":"publish","type":"product","link":"https:\/\/eye.casacurata.online\/en\/product\/coada-de-par-detasabila-613\/","title":{"rendered":"Coad\u0103 de p\u0103r deta\u0219abil\u0103 613"},"content":{"rendered":"","protected":false},"excerpt":{"rendered":"<p><strong>Descriere:<\/strong><br \/>\n\u2022 Model: 613 Blond<br \/>\n\u2022 Tip articol: coad\u0103 de p\u0103r deta\u0219abil\u0103 cu elastic<br \/>\n\u2022 Material: 100 % kanekalon, fibr\u0103 sintetic\u0103 de rezisten\u021b\u0103 termic\u0103 \u00eenalt\u0103<br \/>\n\u2022 Lungime: 61 cm<br \/>\n\u2022 Greutate: 145 gr<br \/>\n\u2022 Structura p\u0103rului: drept<\/p>\n<p>&nbsp;<\/p>\n<p><strong>Instruc\u021biuni de utilizare:<\/strong><br \/>\n1. Piept\u0103na\u021bi cu grij\u0103 p\u0103rul \u0219i str\u00eenge\u021bi-l cu ajutorul elasticului . Dac\u0103 p\u0103rul are lungime medie sau mai mult prinde\u021bi-l \u00een coc .<br \/>\n2. Utiliza\u021bi gel sau pulverizator pentru a controla p\u0103rul rebel sau p\u0103rul scurt din jurul fe\u021bei sau g\u00e2tului .<br \/>\n3. \u00cendrepta\u021bi coada de p\u0103r cu m\u00e2inile , apoi fixati o parte a clipului deasupra elasticului \u0219i cealalt\u0103 parte sub elastic, fix\u00eend pozi\u021bia p\u0103rului .<br \/>\n4. Trage\u021bi elasticul pentru a fixa coada apoi ascunde\u021bi-l sub p\u0103r .<\/p>\n<p>&nbsp;<\/p>\n<p><strong>Men\u021binerea :<\/strong><br \/>\n1. A se sp\u0103la cu \u0219ampon \u00een ap\u0103 cald\u0103 sau rece<br \/>\n2. A se piept\u0103na cu grij\u0103 doar \u00een stare uscat\u0103<br \/>\n3. A se usca la temperatura maxima 150 de grade<br \/>\n4. A se proteja de la razele solare directe<br \/>\n5. Se permite utilizarea produselor de coafare \u0219i \u00eengrijirea p\u0103rului non agresive<br \/>\n6. A se p\u0103stra la loc aparte pentru a men\u021bine forma cozii<\/p>\n<p>&nbsp;<\/p>\n<p><strong>Atrage\u021bi aten\u021bia:<\/strong><br \/>\n1.Datorit\u0103 influen\u021bei luminii \u0219i luminozit\u0103\u021bii monitorului, pot exista mici diferen\u021be \u00eentre tonul de culoare pe fotografie \u0219i \u00een realitate<br \/>\n2. Dup\u0103 prima folosire a articolului este admis\u0103 o cadere ne\u00eensemnat\u0103 a p\u0103rului<br \/>\n3. Datorit\u0103 flexibilit\u0103\u021bii extensiilor de p\u0103r \u0219i m\u0103sur\u0103rilor manuale, este permis\u0103 o eroare de 2 cm<\/p>","protected":false},"featured_media":21817,"template":"","meta":[],"product_cat":[256,119],"product_tag":[],"class_list":["post-21730","product","type-product","status-publish","has-post-thumbnail","hentry","product_cat-cozi-detasabile","product_cat-par-pentru-impletire"],"_links":{"self":[{"href":"https:\/\/eye.casacurata.online\/en\/wp-json\/wp\/v2\/product\/21730","targetHints":{"allow":["GET"]}}],"collection":[{"href":"https:\/\/eye.casacurata.online\/en\/wp-json\/wp\/v2\/product"}],"about":[{"href":"https:\/\/eye.casacurata.online\/en\/wp-json\/wp\/v2\/types\/product"}],"wp:featuredmedia":[{"embeddable":true,"href":"https:\/\/eye.casacurata.online\/en\/wp-json\/wp\/v2\/media\/21817"}],"wp:attachment":[{"href":"https:\/\/eye.casacurata.online\/en\/wp-json\/wp\/v2\/media?parent=21730"}],"wp:term":[{"taxonomy":"product_cat","embeddable":true,"href":"https:\/\/eye.casacurata.online\/en\/wp-json\/wp\/v2\/product_cat?post=21730"},{"taxonomy":"product_tag","embeddable":true,"href":"https:\/\/eye.casacurata.online\/en\/wp-json\/wp\/v2\/product_tag?post=21730"}],"curies":[{"name":"wp","href":"https:\/\/api.w.org\/{rel}","templated":true}]}}