{"id":22005,"date":"2023-07-06T17:11:03","date_gmt":"2023-07-06T17:11:03","guid":{"rendered":"https:\/\/eye.casacurata.online\/?post_type=product&#038;p=22005"},"modified":"2023-07-06T17:12:20","modified_gmt":"2023-07-06T17:12:20","slug":"uv-yellow","status":"publish","type":"product","link":"https:\/\/eye.casacurata.online\/en\/product\/uv-yellow\/","title":{"rendered":"UV yellow"},"content":{"rendered":"","protected":false},"excerpt":{"rendered":"<p>&nbsp;<\/p>\n<p>Lentilele din gama UV Glow fac ca ochii s\u0103 radieze \u00een \u00eentuneric sub lumina razelor de discotec\u0103. Lentilele incandescente sunt confec\u021bionate din cerneal\u0103 special\u0103 radiant\u0103\u00a0 care reac\u021bioneaz\u0103 la lumina UV, oferind\u00a0 str\u0103lucire ochilor \u00een orice club de noapte. De asemenea lentilele arat\u0103 grozav \u0219i la lumina zilei.<\/p>\n<p><strong>Caracteristici:<\/strong><\/p>\n<ul>\n<li>Producator: MaxVue Vision<\/li>\n<li>Model: UV Glow<\/li>\n<li>Regim de purtare: De zi<\/li>\n<li>Puterea optica: 0.0<\/li>\n<li>Material: Hidrogel Terpolymer 55%<\/li>\n<li>Continut de apa: 45%<\/li>\n<li>Diametru: 15.00 mm<\/li>\n<li>Raza de curbura: 8.6\u00a0 mm<\/li>\n<li>Perioada Utilizare: 1 an<\/li>\n<\/ul>\n<p>&nbsp;<\/p>\n<p><strong>Pre\u021bul este indicat pentru o pereche de lentile f\u0103r\u0103 sticla cu solu\u021bie. Pentru a comanda solu\u021bie\/pic\u0103turi hidratante\u00a0 <a href=\"http:\/\/neweyeseduction\/product-category\/produse-pentru-ingrijire\/\">click aici<\/a><\/strong><\/p>\n<p>&nbsp;<\/p>\n<p>&nbsp;<\/p>","protected":false},"featured_media":22006,"template":"","meta":[],"product_cat":[105,113],"product_tag":[],"class_list":["post-22005","product","type-product","status-publish","has-post-thumbnail","hentry","product_cat-lentile-de-carnaval","product_cat-neon"],"_links":{"self":[{"href":"https:\/\/eye.casacurata.online\/en\/wp-json\/wp\/v2\/product\/22005","targetHints":{"allow":["GET"]}}],"collection":[{"href":"https:\/\/eye.casacurata.online\/en\/wp-json\/wp\/v2\/product"}],"about":[{"href":"https:\/\/eye.casacurata.online\/en\/wp-json\/wp\/v2\/types\/product"}],"wp:featuredmedia":[{"embeddable":true,"href":"https:\/\/eye.casacurata.online\/en\/wp-json\/wp\/v2\/media\/22006"}],"wp:attachment":[{"href":"https:\/\/eye.casacurata.online\/en\/wp-json\/wp\/v2\/media?parent=22005"}],"wp:term":[{"taxonomy":"product_cat","embeddable":true,"href":"https:\/\/eye.casacurata.online\/en\/wp-json\/wp\/v2\/product_cat?post=22005"},{"taxonomy":"product_tag","embeddable":true,"href":"https:\/\/eye.casacurata.online\/en\/wp-json\/wp\/v2\/product_tag?post=22005"}],"curies":[{"name":"wp","href":"https:\/\/api.w.org\/{rel}","templated":true}]}}