{"id":22477,"date":"2023-09-11T11:55:47","date_gmt":"2023-09-11T11:55:47","guid":{"rendered":"https:\/\/eye.casacurata.online\/?post_type=product&#038;p=22477"},"modified":"2023-09-11T11:56:26","modified_gmt":"2023-09-11T11:56:26","slug":"easy-braids-3-59","status":"publish","type":"product","link":"https:\/\/eye.casacurata.online\/en\/product\/easy-braids-3-59\/","title":{"rendered":"EASY BRAIDS 3-59"},"content":{"rendered":"","protected":false},"excerpt":{"rendered":"<p>&nbsp;<\/p>\n<p><strong>Kanekalon<\/strong>\u00a0este o fibr\u0103 artificial\u0103 de \u00eenalt\u0103 calitate, \u00een aspectul ei fiind c\u00e2t mai aproape de firele naturale de p\u0103r. Dreadurile, cosi\u021bele africane \u0219i franceze, precum \u0219i alte tipuri de \u00eempletituri la care poate fi folosit\u00a0<strong>kanekalonul<\/strong>\u00a0v\u0103 ajut\u0103 s\u0103 v\u0103 eviden\u021bia\u021bi din mul\u021bime \u0219i s\u0103 v\u0103 face\u021bi via\u021ba mai colorat\u0103. Cea mai popular\u0103 tendin\u021b\u0103 a acestui sezon este\u00a0 kanekalonul de culori aprinse: crimson, albastru, verde, cu efect de ombre. Dreadurile, cosi\u021bele africane sau franceze la care se folose\u0219te acest tip de material arat\u0103 cel mai eficient . Un avantaj al acestei coafuri este c\u0103 nu necesit\u0103 vopsirea p\u0103rului cu substan\u021be chimice \u0219i permite schimbarea imaginii chiar \u0219i \u00een fiecare zi.<\/p>\n<p>&nbsp;<\/p>\n<ul>\n<li><strong>Lungimea p\u0103rului<\/strong> : 70 cm<\/li>\n<li><strong>Greutatea p\u0103rului<\/strong> : 85 gr<\/li>\n<li><strong>De la 10 unitati<\/strong> \u2013 5% reducere<\/li>\n<\/ul>","protected":false},"featured_media":22478,"template":"","meta":[],"product_cat":[119,120],"product_tag":[],"class_list":["post-22477","product","type-product","status-publish","has-post-thumbnail","hentry","product_cat-par-pentru-impletire","product_cat-jumbo-si-easy-braids"],"_links":{"self":[{"href":"https:\/\/eye.casacurata.online\/en\/wp-json\/wp\/v2\/product\/22477","targetHints":{"allow":["GET"]}}],"collection":[{"href":"https:\/\/eye.casacurata.online\/en\/wp-json\/wp\/v2\/product"}],"about":[{"href":"https:\/\/eye.casacurata.online\/en\/wp-json\/wp\/v2\/types\/product"}],"wp:featuredmedia":[{"embeddable":true,"href":"https:\/\/eye.casacurata.online\/en\/wp-json\/wp\/v2\/media\/22478"}],"wp:attachment":[{"href":"https:\/\/eye.casacurata.online\/en\/wp-json\/wp\/v2\/media?parent=22477"}],"wp:term":[{"taxonomy":"product_cat","embeddable":true,"href":"https:\/\/eye.casacurata.online\/en\/wp-json\/wp\/v2\/product_cat?post=22477"},{"taxonomy":"product_tag","embeddable":true,"href":"https:\/\/eye.casacurata.online\/en\/wp-json\/wp\/v2\/product_tag?post=22477"}],"curies":[{"name":"wp","href":"https:\/\/api.w.org\/{rel}","templated":true}]}}