{"id":22737,"date":"2023-11-01T13:22:47","date_gmt":"2023-11-01T13:22:47","guid":{"rendered":"https:\/\/eye.casacurata.online\/?post_type=product&#038;p=22737"},"modified":"2023-11-01T13:23:42","modified_gmt":"2023-11-01T13:23:42","slug":"afro-extensii-drepte-30s","status":"publish","type":"product","link":"https:\/\/eye.casacurata.online\/en\/product\/afro-extensii-drepte-30s\/","title":{"rendered":"AFRO EXTENSII DREPTE 30S"},"content":{"rendered":"","protected":false},"excerpt":{"rendered":"<div class=\"woocommerce-product-details__short-description\">\n<p class=\"p1\"><span class=\"s1\"><strong>Afro-buclele<\/strong> sunt extensii de p\u0103r prin metoda rece care nu au efecte nocive. Cu aceast\u0103 metod\u0103, pute\u021bi crea \u00een siguran\u021b\u0103 \u0219i f\u0103r\u0103 durere culoarea, volumul \u0219i lungimea dorit\u0103.<\/span><\/p>\n<p class=\"p3\"><span class=\"s2\">\u00cen timpul procesului de extensie<\/span><span class=\"s3\">,\u00a0<\/span><span class=\"s1\">p\u0103rul natural se va \u00eempleti spiculete pe scalp dup\u0103 care se vor coase extensiile afro cu ac \u0219i a\u021b\u0103 special\u0103, p\u00e2n\u0103 se va ajunge la volumul dorit.<\/span><\/p>\n<p><strong>Descriere:<\/strong><\/p>\n<p>\u2022 Tip articol: afro extensii pe tresuri<br \/>\n\u2022 Material: 100 % fibr\u0103 sintetic\u0103 de rezisten\u021b\u0103 termic\u0103 \u00eenalt\u0103<br \/>\n\u2022 Lungime : 66 cm<br \/>\n\u2022 Greutate: 320 gr<br \/>\n\u2022 Termen de purtare 1-1.5 luni<\/p>\n<p><strong>Pre\u021bul este indicat pentru un set din 3 bucati (un cap)\u00a0<\/strong><\/p>\n<p><strong>\u00cengrijirea:\u00a0<\/strong>Extensiile afro au nevoie de \u00eengrijire minimal\u0103. De c\u00e2teva ori pe zi p\u0103rul trebuie piept\u0103nat. O dat\u0103 la 3 zile trebuie \u00eendreptat cu placa la temperatura p\u00e2n\u0103 la 180 grade Celsius. \u00cenainte de somn str\u00e2nge\u021bi p\u0103rul \u00eentr-o g\u00e2\u021b\u0103 u\u0219oar\u0103 pentru ca p\u0103rul s\u0103 nu se \u00eenc\u00eelceasc\u0103. Se spal\u0103 ca \u0219i p\u0103rul obi\u0219nuit cu \u0219ampon \u0219i balzam.<\/p>\n<p>&nbsp;<\/p>\n<\/div>\n<p>&nbsp;<\/p>\n<p>&nbsp;<\/p>","protected":false},"featured_media":22738,"template":"","meta":[],"product_cat":[119,183],"product_tag":[],"class_list":["post-22737","product","type-product","status-publish","has-post-thumbnail","hentry","product_cat-par-pentru-impletire","product_cat-afro-bucle"],"_links":{"self":[{"href":"https:\/\/eye.casacurata.online\/en\/wp-json\/wp\/v2\/product\/22737","targetHints":{"allow":["GET"]}}],"collection":[{"href":"https:\/\/eye.casacurata.online\/en\/wp-json\/wp\/v2\/product"}],"about":[{"href":"https:\/\/eye.casacurata.online\/en\/wp-json\/wp\/v2\/types\/product"}],"wp:featuredmedia":[{"embeddable":true,"href":"https:\/\/eye.casacurata.online\/en\/wp-json\/wp\/v2\/media\/22738"}],"wp:attachment":[{"href":"https:\/\/eye.casacurata.online\/en\/wp-json\/wp\/v2\/media?parent=22737"}],"wp:term":[{"taxonomy":"product_cat","embeddable":true,"href":"https:\/\/eye.casacurata.online\/en\/wp-json\/wp\/v2\/product_cat?post=22737"},{"taxonomy":"product_tag","embeddable":true,"href":"https:\/\/eye.casacurata.online\/en\/wp-json\/wp\/v2\/product_tag?post=22737"}],"curies":[{"name":"wp","href":"https:\/\/api.w.org\/{rel}","templated":true}]}}